{"id":3590,"date":"2018-01-25T15:02:37","date_gmt":"2018-01-25T15:02:37","guid":{"rendered":"https:\/\/old.antineahotel.gr\/?page_id=3590"},"modified":"2019-01-21T14:24:11","modified_gmt":"2019-01-21T14:24:11","slug":"facilities-services","status":"publish","type":"page","link":"https:\/\/old.antineahotel.gr\/de\/facilities-services\/","title":{"rendered":"Einrichtungen &#038; Services"},"content":{"rendered":"<div class=\"wpb-content-wrapper\">[vc_row css=&#8220;.vc_custom_1516892828701{background-position: center !important;background-repeat: no-repeat !important;background-size: cover !important;}&#8220;][vc_column width=&#8220;1\/2&#8243;][vc_column_text]\n<h3><strong>HOTELEINRICHTUNGEN<\/strong><\/h3>\n<p>Alle unsere modernen Einrichtungen und Dienstleistungen stehen Ihnen w\u00e4hrend Ihres Aufenthalts in unserem Hotel zur Verf\u00fcgung.<\/p>\n<p>Wir werden unser Bestes tun, um Ihnen ein au\u00dfergew\u00f6hnliches Urlaubserlebnis und hervorragende Gastfreundschaft in einer inspirierenden Umgebung zu bieten. Unser Ziel ist es, Sie vom ersten Moment an willkommen zu hei\u00dfen und alles zu bieten, um Ihnen einen angenehmen Aufenthalt zu garantieren.<\/p>\n<ul>\n<li>Business corner<\/li>\n<li>Spa-Einrichtungen, Hamman, Sauna, Whirlpool<\/li>\n<li>Ein La Carte Restaurant<\/li>\n<li>Amerikanisches Fr\u00fchst\u00fccksbuffet<\/li>\n<li>Zwei Au\u00dfenpools<\/li>\n<li>Poolbar<\/li>\n<li>Gratis Parkpl\u00e4tze<\/li>\n<\/ul>\n[\/vc_column_text][\/vc_column][vc_column width=&#8220;1\/2&#8243;][vc_column_text]\n<h3><strong>HOTELDIENSTLEISTUNGEN<\/strong><\/h3>\n<ul>\n<li>Kostenloses WLAN im gesamten Hotel und in den Zimmern<\/li>\n<li>24-Stunden-Rezeption<\/li>\n<li>G\u00e4stebetreuung<\/li>\n<li>Auto\/Yacht Vermietung<\/li>\n<li>Private \/ halbprivate Exkursionen<\/li>\n<li>Transport bei Ankunft \/ Abreise<\/li>\n<li>Zimmerservice (bis Mitternacht)<\/li>\n<li>Arzt auf Anfrage<\/li>\n<li>Friseurdienstleistungen<\/li>\n<li>Weckruf<\/li>\n<li>T\u00e4glicher Reinigungsservice<\/li>\n<li>Willkommensgetr\u00e4nke<\/li>\n<li>Postdienst<\/li>\n<li>Geldwechsel<\/li>\n<\/ul>\n[\/vc_column_text][\/vc_column][\/vc_row]\n<\/div>","protected":false},"excerpt":{"rendered":"<p>[vc_row css=&#8220;.vc_custom_1516892828701{background-position: center !important;background-repeat: no-repeat !important;background-size: cover !important;}&#8220;][vc_column width=&#8220;1\/2&#8243;][vc_column_text] HOTELEINRICHTUNGEN Alle unsere modernen Einrichtungen und Dienstleistungen stehen Ihnen w\u00e4hrend Ihres Aufenthalts in unserem Hotel zur Verf\u00fcgung. Wir werden unser Bestes tun, um Ihnen ein au\u00dfergew\u00f6hnliches Urlaubserlebnis und hervorragende Gastfreundschaft in einer inspirierenden Umgebung zu bieten. Unser Ziel ist es, Sie vom ersten Moment an willkommen zu hei\u00dfen und alles zu [&hellip;]<\/p>\n","protected":false},"author":10,"featured_media":0,"parent":0,"menu_order":0,"comment_status":"closed","ping_status":"closed","template":"page-templates\/page-right.php","meta":{"footnotes":""},"class_list":["post-3590","page","type-page","status-publish","hentry"],"yoast_head":"<!-- This site is optimized with the Yoast SEO plugin v26.5 - https:\/\/yoast.com\/wordpress\/plugins\/seo\/ -->\n<title>Einrichtungen &amp; Services - Antinea Hotel<\/title>\n<meta name=\"robots\" content=\"index, follow, max-snippet:-1, max-image-preview:large, max-video-preview:-1\" \/>\n<link rel=\"canonical\" href=\"https:\/\/old.antineahotel.gr\/de\/facilities-services\/\" \/>\n<meta property=\"og:locale\" content=\"de_DE\" \/>\n<meta property=\"og:type\" content=\"article\" \/>\n<meta property=\"og:title\" content=\"Einrichtungen &amp; Services - Antinea Hotel\" \/>\n<meta property=\"og:description\" content=\"[vc_row css=&#8220;.vc_custom_1516892828701{background-position: center !important;background-repeat: no-repeat !important;background-size: cover !important;}&#8220;][vc_column width=&#8220;1\/2&#8243;][vc_column_text] HOTELEINRICHTUNGEN Alle unsere modernen Einrichtungen und Dienstleistungen stehen Ihnen w\u00e4hrend Ihres Aufenthalts in unserem Hotel zur Verf\u00fcgung. Wir werden unser Bestes tun, um Ihnen ein au\u00dfergew\u00f6hnliches Urlaubserlebnis und hervorragende Gastfreundschaft in einer inspirierenden Umgebung zu bieten. Unser Ziel ist es, Sie vom ersten Moment an willkommen zu hei\u00dfen und alles zu [&hellip;]\" \/>\n<meta property=\"og:url\" content=\"https:\/\/old.antineahotel.gr\/de\/facilities-services\/\" \/>\n<meta property=\"og:site_name\" content=\"Antinea Hotel\" \/>\n<meta property=\"article:modified_time\" content=\"2019-01-21T14:24:11+00:00\" \/>\n<meta name=\"twitter:card\" content=\"summary_large_image\" \/>\n<meta name=\"twitter:label1\" content=\"Gesch\u00e4tzte Lesezeit\" \/>\n\t<meta name=\"twitter:data1\" content=\"1\u00a0Minute\" \/>\n<script type=\"application\/ld+json\" class=\"yoast-schema-graph\">{\"@context\":\"https:\/\/schema.org\",\"@graph\":[{\"@type\":\"WebPage\",\"@id\":\"https:\/\/old.antineahotel.gr\/de\/facilities-services\/\",\"url\":\"https:\/\/old.antineahotel.gr\/de\/facilities-services\/\",\"name\":\"Einrichtungen & Services - Antinea Hotel\",\"isPartOf\":{\"@id\":\"https:\/\/old.antineahotel.gr\/#website\"},\"datePublished\":\"2018-01-25T15:02:37+00:00\",\"dateModified\":\"2019-01-21T14:24:11+00:00\",\"breadcrumb\":{\"@id\":\"https:\/\/old.antineahotel.gr\/de\/facilities-services\/#breadcrumb\"},\"inLanguage\":\"de\",\"potentialAction\":[{\"@type\":\"ReadAction\",\"target\":[\"https:\/\/old.antineahotel.gr\/de\/facilities-services\/\"]}]},{\"@type\":\"BreadcrumbList\",\"@id\":\"https:\/\/old.antineahotel.gr\/de\/facilities-services\/#breadcrumb\",\"itemListElement\":[{\"@type\":\"ListItem\",\"position\":1,\"name\":\"Home\",\"item\":\"https:\/\/old.antineahotel.gr\/de\/\"},{\"@type\":\"ListItem\",\"position\":2,\"name\":\"Einrichtungen &#038; Services\"}]},{\"@type\":\"WebSite\",\"@id\":\"https:\/\/old.antineahotel.gr\/#website\",\"url\":\"https:\/\/old.antineahotel.gr\/\",\"name\":\"Antinea Hotel\",\"description\":\"\",\"potentialAction\":[{\"@type\":\"SearchAction\",\"target\":{\"@type\":\"EntryPoint\",\"urlTemplate\":\"https:\/\/old.antineahotel.gr\/?s={search_term_string}\"},\"query-input\":{\"@type\":\"PropertyValueSpecification\",\"valueRequired\":true,\"valueName\":\"search_term_string\"}}],\"inLanguage\":\"de\"}]}<\/script>\n<!-- \/ Yoast SEO plugin. -->","yoast_head_json":{"title":"Einrichtungen & Services - Antinea Hotel","robots":{"index":"index","follow":"follow","max-snippet":"max-snippet:-1","max-image-preview":"max-image-preview:large","max-video-preview":"max-video-preview:-1"},"canonical":"https:\/\/old.antineahotel.gr\/de\/facilities-services\/","og_locale":"de_DE","og_type":"article","og_title":"Einrichtungen & Services - Antinea Hotel","og_description":"[vc_row css=&#8220;.vc_custom_1516892828701{background-position: center !important;background-repeat: no-repeat !important;background-size: cover !important;}&#8220;][vc_column width=&#8220;1\/2&#8243;][vc_column_text] HOTELEINRICHTUNGEN Alle unsere modernen Einrichtungen und Dienstleistungen stehen Ihnen w\u00e4hrend Ihres Aufenthalts in unserem Hotel zur Verf\u00fcgung. Wir werden unser Bestes tun, um Ihnen ein au\u00dfergew\u00f6hnliches Urlaubserlebnis und hervorragende Gastfreundschaft in einer inspirierenden Umgebung zu bieten. Unser Ziel ist es, Sie vom ersten Moment an willkommen zu hei\u00dfen und alles zu [&hellip;]","og_url":"https:\/\/old.antineahotel.gr\/de\/facilities-services\/","og_site_name":"Antinea Hotel","article_modified_time":"2019-01-21T14:24:11+00:00","twitter_card":"summary_large_image","twitter_misc":{"Gesch\u00e4tzte Lesezeit":"1\u00a0Minute"},"schema":{"@context":"https:\/\/schema.org","@graph":[{"@type":"WebPage","@id":"https:\/\/old.antineahotel.gr\/de\/facilities-services\/","url":"https:\/\/old.antineahotel.gr\/de\/facilities-services\/","name":"Einrichtungen & Services - Antinea Hotel","isPartOf":{"@id":"https:\/\/old.antineahotel.gr\/#website"},"datePublished":"2018-01-25T15:02:37+00:00","dateModified":"2019-01-21T14:24:11+00:00","breadcrumb":{"@id":"https:\/\/old.antineahotel.gr\/de\/facilities-services\/#breadcrumb"},"inLanguage":"de","potentialAction":[{"@type":"ReadAction","target":["https:\/\/old.antineahotel.gr\/de\/facilities-services\/"]}]},{"@type":"BreadcrumbList","@id":"https:\/\/old.antineahotel.gr\/de\/facilities-services\/#breadcrumb","itemListElement":[{"@type":"ListItem","position":1,"name":"Home","item":"https:\/\/old.antineahotel.gr\/de\/"},{"@type":"ListItem","position":2,"name":"Einrichtungen &#038; Services"}]},{"@type":"WebSite","@id":"https:\/\/old.antineahotel.gr\/#website","url":"https:\/\/old.antineahotel.gr\/","name":"Antinea Hotel","description":"","potentialAction":[{"@type":"SearchAction","target":{"@type":"EntryPoint","urlTemplate":"https:\/\/old.antineahotel.gr\/?s={search_term_string}"},"query-input":{"@type":"PropertyValueSpecification","valueRequired":true,"valueName":"search_term_string"}}],"inLanguage":"de"}]}},"_links":{"self":[{"href":"https:\/\/old.antineahotel.gr\/de\/wp-json\/wp\/v2\/pages\/3590","targetHints":{"allow":["GET"]}}],"collection":[{"href":"https:\/\/old.antineahotel.gr\/de\/wp-json\/wp\/v2\/pages"}],"about":[{"href":"https:\/\/old.antineahotel.gr\/de\/wp-json\/wp\/v2\/types\/page"}],"author":[{"embeddable":true,"href":"https:\/\/old.antineahotel.gr\/de\/wp-json\/wp\/v2\/users\/10"}],"replies":[{"embeddable":true,"href":"https:\/\/old.antineahotel.gr\/de\/wp-json\/wp\/v2\/comments?post=3590"}],"version-history":[{"count":6,"href":"https:\/\/old.antineahotel.gr\/de\/wp-json\/wp\/v2\/pages\/3590\/revisions"}],"predecessor-version":[{"id":3924,"href":"https:\/\/old.antineahotel.gr\/de\/wp-json\/wp\/v2\/pages\/3590\/revisions\/3924"}],"wp:attachment":[{"href":"https:\/\/old.antineahotel.gr\/de\/wp-json\/wp\/v2\/media?parent=3590"}],"curies":[{"name":"wp","href":"https:\/\/api.w.org\/{rel}","templated":true}]}}