{"id":3595,"date":"2014-09-14T08:54:12","date_gmt":"2014-09-14T08:54:12","guid":{"rendered":"https:\/\/old.antineahotel.gr\/?page_id=3595"},"modified":"2025-05-28T11:47:02","modified_gmt":"2025-05-28T11:47:02","slug":"sample-page-2-2","status":"publish","type":"page","link":"https:\/\/old.antineahotel.gr\/de\/","title":{"rendered":"Startseite"},"content":{"rendered":"<div class=\"wpb-content-wrapper\">[vc_row full_width=&#8220;stretch_row&#8220; css=&#8220;.vc_custom_1517232771859{padding-bottom: 0px !important;background-color: rgba(31,31,31,0.84) !important;*background-color: rgb(31,31,31) !important;}&#8220; el_class=&#8220;content-padding my-content&#8220;][vc_column width=&#8220;5\/6&#8243;][vc_column_text]\n<div class=\"my-form\" style=\"position: relative; height: 100px;\"><iframe style=\"border: none; position: absolute; max-width: 100%;\" src=\"https:\/\/antineahotel.reserve-online.net\/widgets\/embed\/?lang=en_GB&amp;target=_blank&amp;css=input.text%2C%20textarea%2C%20select%20%7B%20%20%20%20background-color%3A%20rgba(20%2C20%2C20%2C1)%3B%0A%20%20%20%20color%3A%20rgba(173%2C133%2C77%2C1)%3B%0A%20height%3A%2042px%3B%0A%20%20%20%20border-radius%3A%202px%3B%0A%7D%0A%0Ainput.text%20%7B%0A%20%20%20%20padding%3A%200%2020px%3B%0A%20%20%20%20background%3A%20rgba(20%2C20%2C20%2C1)%3B%0A%20%20%20%20color%3A%20rgba(144%2C136%2C125%2C1)%3B%0A%20%20%20%20border-color%3A%20rgba(144%2C136%2C125%2C0.25)%3B%0A%20%20%20%20font-size%3A%2013px%3B%0A%7D%0A%0Alabel.time%20.fa%2C%20label.date%20.fa%20%7B%0A%20%20%20%20display%3A%20inline-block%3B%0A%20%20%20%20font-size%3A%2014px%3B%0A%20%20%20%20margin-left%3A%20-1px%3B%0A%20%20%20%20line-height%3A%2020px%3B%0A%20%20%20%20padding%3A%2010px%2015px%3B%0A%20%20%20%20border-top-right-radius%3A%202px%3B%0A%20%20%20%20border-bottom-right-radius%3A%202px%3B%0A%20%20%20%20vertical-align%3A%20bottom%3B%0A%7D%0A%0Alabel.date%20.fa%20%7B%0A%20%20%20%20background-color%3A%20rgba(173%2C133%2C77%2C1)%3B%0A%20%20%20%20border%3A%201px%20solid%20rgba(173%2C133%2C77%2C1)%3B%0A%20%20%20%20border-top-color%3A%20rgba(173%2C133%2C77%2C1)%3B%0A%20%20%20%20color%3A%20%23333%3B%0A%7D%0A%0Ainput.date%20%7B%0A%20%20%20%20width%3A%2070%25%3B%0A%7D%0A%0Abutton%20%7B%0A%20%20%20%20min-height%3A%2042px%3B%0A%7D%0A%0A.avl-form%20li%20button%20%7B%0A%20%20%20%20margin%3A%2022px%200%200%200%3B%0A%20%20%20%20padding%3A%2010px%2060px%3B%0A%20%20%20%20font-size%3A%2014px%3B%0A%20%20%20%20line-height%3A%2020px%3B%0A%7D%0A%0A.avl-form%20label%20%7B%0A%20%20%20%20color%3A%20rgba(173%2C133%2C77%2C1)%3B%0A%7D%0A%0Aa%20%7B%0A%20%20%20%20color%3A%20rgba(173%2C133%2C77%2C1)%3B%0A%20%20%20%20cursor%3A%20pointer%3B%0A%7D%0A%0Abutton.prime%20%7B%0A%20%20%20%20background-color%3A%20rgba(173%2C133%2C77%2C1)%3B%0A%20%20%20%20border-color%3A%20rgba(173%2C133%2C77%2C1)%3B%0A%20%20%20%20color%3A%20rgba(0%2C0%2C0%2C1)%3B%0A%20%20%20%20text-shadow%3A%20none%3B%0A%7D%0A%0A.avl-form%20small%20%7B%0A%20%20%20%20display%3A%20none%3B%0A%7D%0A%0Abutton.prime%3Ahover%20%7B%0A%20%20%20%20background-color%3A%20rgba(173%2C133%2C77%2C1)%3B%0A%20%20%20%20border-color%3A%20rgba(173%2C133%2C77%2C1)%3B%0A%20%20%20%20color%3A%20rgba(0%2C0%2C0%2C1)%3B%0A%7D%0A%0A.avl-form%20select%20%7B%0A%20%20%20%20background%3A%20rgba(20%2C20%2C20%2C1)%3B%0A%20%20%20%20color%3A%20rgba(144%2C136%2C125%2C1)%3B%0A%20%20%20%20border-color%3A%20rgba(144%2C136%2C125%2C0.25)%3B%0A%7D%0A%0A.ticker%2C%20%23step-1%20.avl-form%20%7B%0A%20%20%20%20background%3A%20transparent%3B%0A%20%20%20%20background-image%3A%20none%3B%0A%20%20%20%20border%3A%20none%3B%0A%20%20%20%20border-radius%3A%206px%3B%0A%7D%0A%0A.avl-form%20select%20%7B%0A%20%20%20%20width%3A%20100%25%3B%0A%7D&amp;nobg\" width=\"1920\" height=\"300\"><\/iframe><\/div>\n[\/vc_column_text][\/vc_column][vc_column width=&#8220;1\/6&#8243;][vc_single_image image=&#8220;3326&#8243; img_size=&#8220;full&#8220; alignment=&#8220;center&#8220; style=&#8220;vc_box_rounded&#8220;][\/vc_column][\/vc_row][vc_row][vc_column width=&#8220;2\/3&#8243; offset=&#8220;vc_col-sm-offset-2&#8243;][vc_column_text]\n<h1 style=\"text-align: center;\"><small>WAS K\u00d6NNEN SIE IN HOTEL ANTINEA TUN?<\/small>Das Antinea Suites &amp; Spa Hotel<\/h1>\n<p style=\"text-align: center;\">Auf der wundersch\u00f6nen Insel Santorini trifft der zeitgen\u00f6ssische kykladische Stil die traditionelle griechische Gastfreundschaft in der ruhigen Umgebung des Antinea Hotel &amp; Suites. Das Antinea Hotel &amp; Suites ist ein exklusives 4-Sterne-Hotel, das in traditioneller kykladischer Architektur mit allen modernen Einrichtungen gebaut ist. Im Schatten des antiken Thira gelegen, in einer ruhigen Lage am Hang, bietet es einen herrlichen Panoramablick auf Kamari und die \u00c4g\u00e4is.<\/p>\n<p style=\"text-align: center;\">Die G\u00e4ste k\u00f6nnen sich entspannen und ihre Getr\u00e4nke am Pool genie\u00dfen, im Restaurant mediterrane K\u00fcche probieren, an der Bar entspannen oder im Spa sich verw\u00f6hnen lassen. Das Anwesen ist hell, ger\u00e4umig und gut ausgestattet und bietet seinen Besuchern die M\u00f6glichkeit, im sauberen blauen Meer des schwarzen Strandes von Kamari, nur 400 m entfernt, zu schwimmen, wo sich auch Restaurants, Bars und Gesch\u00e4fte befinden.<\/p>\n<p style=\"text-align: center;\">Ob Familie oder Paar, das Antinea Hotel &amp; Suites empf\u00e4ngt Sie in einem luxuri\u00f6sen Ambiente mit hohem Komfort, Privatsph\u00e4re und echten Erlebnissen.<\/p>\n[\/vc_column_text][\/vc_column][\/vc_row][vc_row full_width=&#8220;stretch_row&#8220; parallax_layers=&#8220;yes&#8220; style_images=&#8220;yes&#8220; css=&#8220;.vc_custom_1516792543205{background-image: url(https:\/\/old.antineahotel.gr\/wp-content\/uploads\/2018\/01\/shutterstock_538182049.jpg?id=3090) !important;background-position: center !important;background-repeat: no-repeat !important;background-size: cover !important;}&#8220; layer_1=&#8220;3070&#8243; layer_2=&#8220;3072&#8243; layer_3=&#8220;3073&#8243; layer_1_ratio=&#8220;0.75&#8243; layer_2_ratio=&#8220;0.94456456&#8243; layer_3_ratio=&#8220;1.25123&#8243; layer_1_vertical=&#8220;top: -30%&#8220; layer_1_horizontal=&#8220;left: 17%&#8220; layer_2_vertical=&#8220;top: 25%&#8220; layer_2_horizontal=&#8220;left: 24%&#8220; layer_3_vertical=&#8220;top: 90%&#8220; layer_3_horizontal=&#8220;left: 12%&#8220; layer_1_z=&#8220;1&#8243; layer_2_z=&#8220;0&#8243; layer_3_z=&#8220;1&#8243; el_class=&#8220;content-padding-xxl&#8220; parallax_offset=&#8220;800&#8243;][vc_column width=&#8220;1\/2&#8243; offset=&#8220;vc_col-sm-offset-6&#8243;][vc_column_text]\n<h2><small><strong>ERLEBEN SIE EIN BEZAUBERNDES UND GEM\u00dcTLICHES LEBEN IN <\/strong><br \/>\n<\/small>Santorini!<\/h2>\n<h3 style=\"color: #ad854d;\">DIE NEUDEFINITION DES PREIS-LEISTUNGS-VERH\u00c4LTNISSES!<\/h3>\n<p style=\"color: #ffffff;\">Zimmer &amp; Suiten mit minimalistischem Design, abgestimmt auf die traditionelle \u00c4sthetik der Kykladen.<br \/>\nGenie\u00dfen Sie einen faszinierenden Blick auf die \u00c4g\u00e4is und erleben Sie eine au\u00dfergew\u00f6hnliche Erfahrung der Gastfreundschaft in Santorini.<\/p>\n<p style=\"color: #ffffff;\"><a class=\"btn btn-inline\" href=\"https:\/\/old.antineahotel.gr\/de\/resort\/rooms-listing\/\">Antinea Zimmer &amp; Suiten<\/a><\/p>\n[\/vc_column_text][\/vc_column][\/vc_row][vc_row][vc_column el_id=&#8220;tour-carousel&#8220;]<h2 class=\"text-center\"><small>WARUM SOLLEN SIE UNSER HOTEL BESUCHEN?<\/small>AKTIVIT\u00c4TEN DES ANTINEA HOTELS<\/h2><div class='services-carousel  owl-with-navigation' data-owl='{&quot;items&quot;:4,&quot;nav&quot;:true,&quot;navText&quot;:[&quot;Vorherige&quot;,&quot;N\\u00e4chste&quot;],&quot;loop&quot;:true,&quot;autoplay&quot;:true,&quot;autoplayTimeout&quot;:2000,&quot;autoplayHoverPause&quot;:false,&quot;responsive&quot;:{&quot;0&quot;:{&quot;items&quot;:1,&quot;dots&quot;:false,&quot;nav&quot;:true},&quot;767&quot;:{&quot;items&quot;:4,&quot;dots&quot;:false},&quot;992&quot;:{&quot;items&quot;:4,&quot;dots&quot;:false}}}'><div class=\"item\">\n  <a href=\"https:\/\/old.antineahotel.gr\/de\/antinea-experience\/caldera-oia-sunset-cruise\/\" target=\"_self\" class=\"link-image\" title=\"SONNENUNTERGANGSAUSFLUG IN CALDERA &amp; OIA\"><img decoding=\"async\" width=\"750\" height=\"422\" data-src=\"https:\/\/old.antineahotel.gr\/wp-content\/uploads\/2018\/01\/CHR_3747-1024x576.jpg\" class=\"attachment-large size-large lazyload\" alt=\"Recreation\" data-srcset=\"https:\/\/old.antineahotel.gr\/wp-content\/uploads\/2018\/01\/CHR_3747-1024x576.jpg 1024w, https:\/\/old.antineahotel.gr\/wp-content\/uploads\/2018\/01\/CHR_3747-300x169.jpg 300w, https:\/\/old.antineahotel.gr\/wp-content\/uploads\/2018\/01\/CHR_3747-768x432.jpg 768w, https:\/\/old.antineahotel.gr\/wp-content\/uploads\/2018\/01\/CHR_3747.jpg 1920w\" data-sizes=\"(max-width: 750px) 100vw, 750px\" src=\"data:image\/svg+xml;base64,PHN2ZyB3aWR0aD0iMSIgaGVpZ2h0PSIxIiB4bWxucz0iaHR0cDovL3d3dy53My5vcmcvMjAwMC9zdmciPjwvc3ZnPg==\" style=\"--smush-placeholder-width: 750px; --smush-placeholder-aspect-ratio: 750\/422;\" \/><\/a>      <div class=\"item-content\">\n      <h4><a href=\"https:\/\/old.antineahotel.gr\/de\/antinea-experience\/caldera-oia-sunset-cruise\/\" target=\"_self\" >SONNENUNTERGANGSAUSFLUG IN CALDERA &amp; OIA<\/a><\/h4>      <p>Kreuzfahrt mit traditionellem Schiff<\/p>    <\/div>\n  <\/div>\n<div class=\"item\">\n  <a href=\"https:\/\/old.antineahotel.gr\/de\/antinea-experience\/island-bus-tour-to-the-majestic-spots-of-santorini\/\" target=\"_self\" class=\"link-image\" title=\"Inselbus-Tour zu den majest\u00e4tischen Orten von Santorini\"><img decoding=\"async\" width=\"750\" height=\"422\" data-src=\"https:\/\/old.antineahotel.gr\/wp-content\/uploads\/2018\/01\/photo-2.jpg\" class=\"attachment-large size-large lazyload\" alt=\"Island Bus Tour to the Majestic Spots of Santorini\" data-srcset=\"https:\/\/old.antineahotel.gr\/wp-content\/uploads\/2018\/01\/photo-2.jpg 800w, https:\/\/old.antineahotel.gr\/wp-content\/uploads\/2018\/01\/photo-2-300x169.jpg 300w, https:\/\/old.antineahotel.gr\/wp-content\/uploads\/2018\/01\/photo-2-768x432.jpg 768w\" data-sizes=\"(max-width: 750px) 100vw, 750px\" src=\"data:image\/svg+xml;base64,PHN2ZyB3aWR0aD0iMSIgaGVpZ2h0PSIxIiB4bWxucz0iaHR0cDovL3d3dy53My5vcmcvMjAwMC9zdmciPjwvc3ZnPg==\" style=\"--smush-placeholder-width: 750px; --smush-placeholder-aspect-ratio: 750\/422;\" \/><\/a>      <div class=\"item-content\">\n      <h4><a href=\"https:\/\/old.antineahotel.gr\/de\/antinea-experience\/island-bus-tour-to-the-majestic-spots-of-santorini\/\" target=\"_self\" >Inselbus-Tour zu den majest\u00e4tischen Orten von Santorini<\/a><\/h4>      <p>Erkunden sie jedes dorf von santorini, solange sie w\u00fcnschen<\/p>    <\/div>\n  <\/div>\n<div class=\"item\">\n  <a href=\"https:\/\/old.antineahotel.gr\/de\/antinea-experience\/sightseeing-archaeological-bus-tour-santorini\/\" target=\"_self\" class=\"link-image\" title=\"Arch\u00e4ologische Bustouren\"><img decoding=\"async\" width=\"750\" height=\"422\" data-src=\"https:\/\/old.antineahotel.gr\/wp-content\/uploads\/2018\/01\/shutterstock_99930896.jpg\" class=\"attachment-large size-large lazyload\" alt=\"Sightseeing Archaeological Bus Tour Santorini\" data-srcset=\"https:\/\/old.antineahotel.gr\/wp-content\/uploads\/2018\/01\/shutterstock_99930896.jpg 800w, https:\/\/old.antineahotel.gr\/wp-content\/uploads\/2018\/01\/shutterstock_99930896-300x169.jpg 300w, https:\/\/old.antineahotel.gr\/wp-content\/uploads\/2018\/01\/shutterstock_99930896-768x432.jpg 768w\" data-sizes=\"(max-width: 750px) 100vw, 750px\" src=\"data:image\/svg+xml;base64,PHN2ZyB3aWR0aD0iMSIgaGVpZ2h0PSIxIiB4bWxucz0iaHR0cDovL3d3dy53My5vcmcvMjAwMC9zdmciPjwvc3ZnPg==\" style=\"--smush-placeholder-width: 750px; --smush-placeholder-aspect-ratio: 750\/422;\" \/><\/a>      <div class=\"item-content\">\n      <h4><a href=\"https:\/\/old.antineahotel.gr\/de\/antinea-experience\/sightseeing-archaeological-bus-tour-santorini\/\" target=\"_self\" >Arch\u00e4ologische Bustouren<\/a><\/h4>      <p>Akrotiri &amp; sehensw\u00fcrdigkeiten<\/p>    <\/div>\n  <\/div>\n<div class=\"item\">\n  <a href=\"https:\/\/old.antineahotel.gr\/de\/antinea-experience\/private-tour\/\" target=\"_self\" class=\"link-image\" title=\"PRIVATTOUREN\"><img decoding=\"async\" width=\"750\" height=\"422\" data-src=\"https:\/\/old.antineahotel.gr\/wp-content\/uploads\/2018\/01\/01.jpg\" class=\"attachment-large size-large lazyload\" alt=\"Private Tour\" data-srcset=\"https:\/\/old.antineahotel.gr\/wp-content\/uploads\/2018\/01\/01.jpg 800w, https:\/\/old.antineahotel.gr\/wp-content\/uploads\/2018\/01\/01-300x169.jpg 300w, https:\/\/old.antineahotel.gr\/wp-content\/uploads\/2018\/01\/01-768x432.jpg 768w\" data-sizes=\"(max-width: 750px) 100vw, 750px\" src=\"data:image\/svg+xml;base64,PHN2ZyB3aWR0aD0iMSIgaGVpZ2h0PSIxIiB4bWxucz0iaHR0cDovL3d3dy53My5vcmcvMjAwMC9zdmciPjwvc3ZnPg==\" style=\"--smush-placeholder-width: 750px; --smush-placeholder-aspect-ratio: 750\/422;\" \/><\/a>      <div class=\"item-content\">\n      <h4><a href=\"https:\/\/old.antineahotel.gr\/de\/antinea-experience\/private-tour\/\" target=\"_self\" >PRIVATTOUREN<\/a><\/h4>      <p>Mit der komfortabelsten Fahrzeugklasse.<\/p>    <\/div>\n  <\/div>\n<div class=\"item\">\n  <a href=\"https:\/\/old.antineahotel.gr\/de\/antinea-experience\/kamari-black-beach\/\" target=\"_self\" class=\"link-image\" title=\"DER SCHWARZE STRAND VON KALDERA\"><img decoding=\"async\" width=\"750\" height=\"422\" data-src=\"https:\/\/old.antineahotel.gr\/wp-content\/uploads\/2018\/01\/shutterstock_99927407-1.jpg\" class=\"attachment-large size-large lazyload\" alt=\"Home\" data-srcset=\"https:\/\/old.antineahotel.gr\/wp-content\/uploads\/2018\/01\/shutterstock_99927407-1.jpg 800w, https:\/\/old.antineahotel.gr\/wp-content\/uploads\/2018\/01\/shutterstock_99927407-1-300x169.jpg 300w, https:\/\/old.antineahotel.gr\/wp-content\/uploads\/2018\/01\/shutterstock_99927407-1-768x432.jpg 768w\" data-sizes=\"(max-width: 750px) 100vw, 750px\" src=\"data:image\/svg+xml;base64,PHN2ZyB3aWR0aD0iMSIgaGVpZ2h0PSIxIiB4bWxucz0iaHR0cDovL3d3dy53My5vcmcvMjAwMC9zdmciPjwvc3ZnPg==\" style=\"--smush-placeholder-width: 750px; --smush-placeholder-aspect-ratio: 750\/422;\" \/><\/a>      <div class=\"item-content\">\n      <h4><a href=\"https:\/\/old.antineahotel.gr\/de\/antinea-experience\/kamari-black-beach\/\" target=\"_self\" >DER SCHWARZE STRAND VON KALDERA<\/a><\/h4>      <p>Der sch\u00f6nste vulkanische schwarze Sandstrand.<\/p>    <\/div>\n  <\/div>\n<div class=\"item\">\n  <a href=\"https:\/\/old.antineahotel.gr\/de\/antinea-experience\/the-red-beach\/\" target=\"_self\" class=\"link-image\" title=\"DER ROTE STRAND\"><img decoding=\"async\" width=\"750\" height=\"422\" data-src=\"https:\/\/old.antineahotel.gr\/wp-content\/uploads\/2018\/01\/IMGP8750-1.jpg\" class=\"attachment-large size-large lazyload\" alt=\"Home\" data-srcset=\"https:\/\/old.antineahotel.gr\/wp-content\/uploads\/2018\/01\/IMGP8750-1.jpg 800w, https:\/\/old.antineahotel.gr\/wp-content\/uploads\/2018\/01\/IMGP8750-1-300x169.jpg 300w, https:\/\/old.antineahotel.gr\/wp-content\/uploads\/2018\/01\/IMGP8750-1-768x432.jpg 768w\" data-sizes=\"(max-width: 750px) 100vw, 750px\" src=\"data:image\/svg+xml;base64,PHN2ZyB3aWR0aD0iMSIgaGVpZ2h0PSIxIiB4bWxucz0iaHR0cDovL3d3dy53My5vcmcvMjAwMC9zdmciPjwvc3ZnPg==\" style=\"--smush-placeholder-width: 750px; --smush-placeholder-aspect-ratio: 750\/422;\" \/><\/a>      <div class=\"item-content\">\n      <h4><a href=\"https:\/\/old.antineahotel.gr\/de\/antinea-experience\/the-red-beach\/\" target=\"_self\" >DER ROTE STRAND<\/a><\/h4>      <p>Der Strand mit dem roten Vulkansand und der faszinierenden Landschaft.<\/p>    <\/div>\n  <\/div>\n<div class=\"item\">\n  <a href=\"https:\/\/old.antineahotel.gr\/de\/recreation\/antinea-spa-wellness\/\" target=\"_self\" class=\"link-image\" title=\"ANTINEA SPA &amp; WELLNESS\"><img decoding=\"async\" width=\"750\" height=\"390\" data-src=\"https:\/\/old.antineahotel.gr\/wp-content\/uploads\/2018\/01\/58ac3d67ba941b1a1dda7bdc-large-1024x533.jpg\" class=\"attachment-large size-large lazyload\" alt=\"Antinea Spa &amp; Wellness\" data-srcset=\"https:\/\/old.antineahotel.gr\/wp-content\/uploads\/2018\/01\/58ac3d67ba941b1a1dda7bdc-large-1024x533.jpg 1024w, https:\/\/old.antineahotel.gr\/wp-content\/uploads\/2018\/01\/58ac3d67ba941b1a1dda7bdc-large-300x156.jpg 300w, https:\/\/old.antineahotel.gr\/wp-content\/uploads\/2018\/01\/58ac3d67ba941b1a1dda7bdc-large-768x400.jpg 768w, https:\/\/old.antineahotel.gr\/wp-content\/uploads\/2018\/01\/58ac3d67ba941b1a1dda7bdc-large.jpg 1920w\" data-sizes=\"(max-width: 750px) 100vw, 750px\" src=\"data:image\/svg+xml;base64,PHN2ZyB3aWR0aD0iMSIgaGVpZ2h0PSIxIiB4bWxucz0iaHR0cDovL3d3dy53My5vcmcvMjAwMC9zdmciPjwvc3ZnPg==\" style=\"--smush-placeholder-width: 750px; --smush-placeholder-aspect-ratio: 750\/390;\" \/><\/a>      <div class=\"item-content\">\n      <h4><a href=\"https:\/\/old.antineahotel.gr\/de\/recreation\/antinea-spa-wellness\/\" target=\"_self\" >ANTINEA SPA &amp; WELLNESS<\/a><\/h4>      <p>Erneuern und Wohlf\u00fchlen<\/p>    <\/div>\n  <\/div>\n<\/div>[\/vc_column][\/vc_row]\n<\/div>","protected":false},"excerpt":{"rendered":"<p>[vc_row full_width=&#8220;stretch_row&#8220; css=&#8220;.vc_custom_1517232771859{padding-bottom: 0px !important;background-color: rgba(31,31,31,0.84) !important;*background-color: rgb(31,31,31) !important;}&#8220; el_class=&#8220;content-padding my-content&#8220;][vc_column width=&#8220;5\/6&#8243;][vc_column_text] [\/vc_column_text][\/vc_column][vc_column width=&#8220;1\/6&#8243;][vc_single_image image=&#8220;3326&#8243; img_size=&#8220;full&#8220; alignment=&#8220;center&#8220; style=&#8220;vc_box_rounded&#8220;][\/vc_column][\/vc_row][vc_row][vc_column width=&#8220;2\/3&#8243; offset=&#8220;vc_col-sm-offset-2&#8243;][vc_column_text] WAS K\u00d6NNEN SIE IN HOTEL ANTINEA TUN?Das Antinea Suites &amp; Spa Hotel Auf der wundersch\u00f6nen Insel Santorini trifft der zeitgen\u00f6ssische kykladische Stil die traditionelle griechische Gastfreundschaft in der ruhigen Umgebung des Antinea Hotel &amp; Suites. Das Antinea Hotel &amp; Suites [&hellip;]<\/p>\n","protected":false},"author":10,"featured_media":0,"parent":0,"menu_order":0,"comment_status":"closed","ping_status":"closed","template":"","meta":{"footnotes":""},"class_list":["post-3595","page","type-page","status-publish","hentry"],"yoast_head":"<!-- This site is optimized with the Yoast SEO plugin v26.5 - https:\/\/yoast.com\/wordpress\/plugins\/seo\/ -->\n<title>Startseite - Antinea Hotel<\/title>\n<meta name=\"robots\" content=\"index, follow, max-snippet:-1, max-image-preview:large, max-video-preview:-1\" \/>\n<link rel=\"canonical\" href=\"https:\/\/old.antineahotel.gr\/de\/\" \/>\n<meta property=\"og:locale\" content=\"de_DE\" \/>\n<meta property=\"og:type\" content=\"article\" \/>\n<meta property=\"og:title\" content=\"Startseite - Antinea Hotel\" \/>\n<meta property=\"og:description\" content=\"[vc_row full_width=&#8220;stretch_row&#8220; css=&#8220;.vc_custom_1517232771859{padding-bottom: 0px !important;background-color: rgba(31,31,31,0.84) !important;*background-color: rgb(31,31,31) !important;}&#8220; el_class=&#8220;content-padding my-content&#8220;][vc_column width=&#8220;5\/6&#8243;][vc_column_text] [\/vc_column_text][\/vc_column][vc_column width=&#8220;1\/6&#8243;][vc_single_image image=&#8220;3326&#8243; img_size=&#8220;full&#8220; alignment=&#8220;center&#8220; style=&#8220;vc_box_rounded&#8220;][\/vc_column][\/vc_row][vc_row][vc_column width=&#8220;2\/3&#8243; offset=&#8220;vc_col-sm-offset-2&#8243;][vc_column_text] WAS K\u00d6NNEN SIE IN HOTEL ANTINEA TUN?Das Antinea Suites &amp; Spa Hotel Auf der wundersch\u00f6nen Insel Santorini trifft der zeitgen\u00f6ssische kykladische Stil die traditionelle griechische Gastfreundschaft in der ruhigen Umgebung des Antinea Hotel &amp; Suites. Das Antinea Hotel &amp; Suites [&hellip;]\" \/>\n<meta property=\"og:url\" content=\"https:\/\/old.antineahotel.gr\/de\/\" \/>\n<meta property=\"og:site_name\" content=\"Antinea Hotel\" \/>\n<meta property=\"article:modified_time\" content=\"2025-05-28T11:47:02+00:00\" \/>\n<meta name=\"twitter:card\" content=\"summary_large_image\" \/>\n<meta name=\"twitter:label1\" content=\"Gesch\u00e4tzte Lesezeit\" \/>\n\t<meta name=\"twitter:data1\" content=\"2\u00a0Minuten\" \/>\n<script type=\"application\/ld+json\" class=\"yoast-schema-graph\">{\"@context\":\"https:\/\/schema.org\",\"@graph\":[{\"@type\":\"WebPage\",\"@id\":\"https:\/\/old.antineahotel.gr\/de\/\",\"url\":\"https:\/\/old.antineahotel.gr\/de\/\",\"name\":\"Startseite - Antinea Hotel\",\"isPartOf\":{\"@id\":\"https:\/\/old.antineahotel.gr\/#website\"},\"datePublished\":\"2014-09-14T08:54:12+00:00\",\"dateModified\":\"2025-05-28T11:47:02+00:00\",\"breadcrumb\":{\"@id\":\"https:\/\/old.antineahotel.gr\/de\/#breadcrumb\"},\"inLanguage\":\"de\",\"potentialAction\":[{\"@type\":\"ReadAction\",\"target\":[\"https:\/\/old.antineahotel.gr\/de\/\"]}]},{\"@type\":\"BreadcrumbList\",\"@id\":\"https:\/\/old.antineahotel.gr\/de\/#breadcrumb\",\"itemListElement\":[{\"@type\":\"ListItem\",\"position\":1,\"name\":\"Home\",\"item\":\"https:\/\/old.antineahotel.gr\/de\/\"},{\"@type\":\"ListItem\",\"position\":2,\"name\":\"Startseite\"}]},{\"@type\":\"WebSite\",\"@id\":\"https:\/\/old.antineahotel.gr\/#website\",\"url\":\"https:\/\/old.antineahotel.gr\/\",\"name\":\"Antinea Hotel\",\"description\":\"\",\"potentialAction\":[{\"@type\":\"SearchAction\",\"target\":{\"@type\":\"EntryPoint\",\"urlTemplate\":\"https:\/\/old.antineahotel.gr\/?s={search_term_string}\"},\"query-input\":{\"@type\":\"PropertyValueSpecification\",\"valueRequired\":true,\"valueName\":\"search_term_string\"}}],\"inLanguage\":\"de\"}]}<\/script>\n<!-- \/ Yoast SEO plugin. -->","yoast_head_json":{"title":"Startseite - Antinea Hotel","robots":{"index":"index","follow":"follow","max-snippet":"max-snippet:-1","max-image-preview":"max-image-preview:large","max-video-preview":"max-video-preview:-1"},"canonical":"https:\/\/old.antineahotel.gr\/de\/","og_locale":"de_DE","og_type":"article","og_title":"Startseite - Antinea Hotel","og_description":"[vc_row full_width=&#8220;stretch_row&#8220; css=&#8220;.vc_custom_1517232771859{padding-bottom: 0px !important;background-color: rgba(31,31,31,0.84) !important;*background-color: rgb(31,31,31) !important;}&#8220; el_class=&#8220;content-padding my-content&#8220;][vc_column width=&#8220;5\/6&#8243;][vc_column_text] [\/vc_column_text][\/vc_column][vc_column width=&#8220;1\/6&#8243;][vc_single_image image=&#8220;3326&#8243; img_size=&#8220;full&#8220; alignment=&#8220;center&#8220; style=&#8220;vc_box_rounded&#8220;][\/vc_column][\/vc_row][vc_row][vc_column width=&#8220;2\/3&#8243; offset=&#8220;vc_col-sm-offset-2&#8243;][vc_column_text] WAS K\u00d6NNEN SIE IN HOTEL ANTINEA TUN?Das Antinea Suites &amp; Spa Hotel Auf der wundersch\u00f6nen Insel Santorini trifft der zeitgen\u00f6ssische kykladische Stil die traditionelle griechische Gastfreundschaft in der ruhigen Umgebung des Antinea Hotel &amp; Suites. Das Antinea Hotel &amp; Suites [&hellip;]","og_url":"https:\/\/old.antineahotel.gr\/de\/","og_site_name":"Antinea Hotel","article_modified_time":"2025-05-28T11:47:02+00:00","twitter_card":"summary_large_image","twitter_misc":{"Gesch\u00e4tzte Lesezeit":"2\u00a0Minuten"},"schema":{"@context":"https:\/\/schema.org","@graph":[{"@type":"WebPage","@id":"https:\/\/old.antineahotel.gr\/de\/","url":"https:\/\/old.antineahotel.gr\/de\/","name":"Startseite - Antinea Hotel","isPartOf":{"@id":"https:\/\/old.antineahotel.gr\/#website"},"datePublished":"2014-09-14T08:54:12+00:00","dateModified":"2025-05-28T11:47:02+00:00","breadcrumb":{"@id":"https:\/\/old.antineahotel.gr\/de\/#breadcrumb"},"inLanguage":"de","potentialAction":[{"@type":"ReadAction","target":["https:\/\/old.antineahotel.gr\/de\/"]}]},{"@type":"BreadcrumbList","@id":"https:\/\/old.antineahotel.gr\/de\/#breadcrumb","itemListElement":[{"@type":"ListItem","position":1,"name":"Home","item":"https:\/\/old.antineahotel.gr\/de\/"},{"@type":"ListItem","position":2,"name":"Startseite"}]},{"@type":"WebSite","@id":"https:\/\/old.antineahotel.gr\/#website","url":"https:\/\/old.antineahotel.gr\/","name":"Antinea Hotel","description":"","potentialAction":[{"@type":"SearchAction","target":{"@type":"EntryPoint","urlTemplate":"https:\/\/old.antineahotel.gr\/?s={search_term_string}"},"query-input":{"@type":"PropertyValueSpecification","valueRequired":true,"valueName":"search_term_string"}}],"inLanguage":"de"}]}},"_links":{"self":[{"href":"https:\/\/old.antineahotel.gr\/de\/wp-json\/wp\/v2\/pages\/3595","targetHints":{"allow":["GET"]}}],"collection":[{"href":"https:\/\/old.antineahotel.gr\/de\/wp-json\/wp\/v2\/pages"}],"about":[{"href":"https:\/\/old.antineahotel.gr\/de\/wp-json\/wp\/v2\/types\/page"}],"author":[{"embeddable":true,"href":"https:\/\/old.antineahotel.gr\/de\/wp-json\/wp\/v2\/users\/10"}],"replies":[{"embeddable":true,"href":"https:\/\/old.antineahotel.gr\/de\/wp-json\/wp\/v2\/comments?post=3595"}],"version-history":[{"count":17,"href":"https:\/\/old.antineahotel.gr\/de\/wp-json\/wp\/v2\/pages\/3595\/revisions"}],"predecessor-version":[{"id":4183,"href":"https:\/\/old.antineahotel.gr\/de\/wp-json\/wp\/v2\/pages\/3595\/revisions\/4183"}],"wp:attachment":[{"href":"https:\/\/old.antineahotel.gr\/de\/wp-json\/wp\/v2\/media?parent=3595"}],"curies":[{"name":"wp","href":"https:\/\/api.w.org\/{rel}","templated":true}]}}