{"id":3597,"date":"2014-09-14T09:20:42","date_gmt":"2014-09-14T09:20:42","guid":{"rendered":"https:\/\/old.antineahotel.gr\/?page_id=3597"},"modified":"2019-01-22T13:24:10","modified_gmt":"2019-01-22T13:24:10","slug":"rooms-listing","status":"publish","type":"page","link":"https:\/\/old.antineahotel.gr\/de\/hotel\/rooms-listing\/","title":{"rendered":"Zimmerliste"},"content":{"rendered":"<div class=\"wpb-content-wrapper\">[vc_row][vc_column width=&#8220;1\/2&#8243;][vc_column_text]\n<h2 id=\"sideview\" class=\"text-uppercase text-center\" style=\"text-align: center;\"><a href=\"https:\/\/old.antineahotel.gr\/de\/rooms\/standard-double\/\">Standard Doppelzimmer<\/a><\/h2>\n<p style=\"text-align: center;\"><a href=\"https:\/\/old.antineahotel.gr\/de\/rooms\/standard-double\/\"><img decoding=\"async\" class=\"aligncenter wp-image-3433 size-full lazyload\" data-src=\"https:\/\/old.antineahotel.gr\/wp-content\/uploads\/2015\/07\/shutterstock_279299915.jpg\" alt=\"\" width=\"1000\" height=\"668\" data-srcset=\"https:\/\/old.antineahotel.gr\/wp-content\/uploads\/2015\/07\/shutterstock_279299915.jpg 1000w, https:\/\/old.antineahotel.gr\/wp-content\/uploads\/2015\/07\/shutterstock_279299915-300x200.jpg 300w, https:\/\/old.antineahotel.gr\/wp-content\/uploads\/2015\/07\/shutterstock_279299915-768x513.jpg 768w\" data-sizes=\"(max-width: 1000px) 100vw, 1000px\" src=\"data:image\/svg+xml;base64,PHN2ZyB3aWR0aD0iMSIgaGVpZ2h0PSIxIiB4bWxucz0iaHR0cDovL3d3dy53My5vcmcvMjAwMC9zdmciPjwvc3ZnPg==\" style=\"--smush-placeholder-width: 1000px; --smush-placeholder-aspect-ratio: 1000\/668;\" \/><\/a><\/p>\n<p>Die modernen oder traditionell eingerichteten Standardzimmer verf\u00fcgen \u00fcber komfortable Betten, ein modernes Innendesign und einen eigenen Balkon mit Meer- oder Bergblick.<\/p>\n<p>Alle Zimmer bieten ein H\u00f6chstma\u00df an Komfort und Entspannung und bieten ein verw\u00f6hnendes Erlebnis.<\/p>\n<p style=\"text-align: center;\"><a class=\"btn btn-inline\" href=\"https:\/\/old.antineahotel.gr\/de\/rooms\/standard-double\/\">Reservieren Sie Jetzt Das Standard Doppelzimmer<\/a><\/p>\n[\/vc_column_text][\/vc_column][vc_column width=&#8220;1\/2&#8243;][vc_column_text]\n<h2 id=\"view\" class=\"text-uppercase text-center\" style=\"text-align: center;\"><a href=\"https:\/\/old.antineahotel.gr\/de\/rooms\/junior-suite\/\">Junior-Suite<\/a><\/h2>\n<p style=\"text-align: center;\"><a href=\"https:\/\/old.antineahotel.gr\/de\/rooms\/junior-suite\/\"><img decoding=\"async\" class=\"aligncenter wp-image-3137 lazyload\" data-src=\"https:\/\/old.antineahotel.gr\/wp-content\/uploads\/2018\/01\/58ac27cdba941be215c0884d-large-300x200.jpg\" alt=\"\" width=\"600\" height=\"401\" data-srcset=\"https:\/\/old.antineahotel.gr\/wp-content\/uploads\/2018\/01\/58ac27cdba941be215c0884d-large-300x200.jpg 300w, https:\/\/old.antineahotel.gr\/wp-content\/uploads\/2018\/01\/58ac27cdba941be215c0884d-large-768x513.jpg 768w, https:\/\/old.antineahotel.gr\/wp-content\/uploads\/2018\/01\/58ac27cdba941be215c0884d-large-1024x684.jpg 1024w, https:\/\/old.antineahotel.gr\/wp-content\/uploads\/2018\/01\/58ac27cdba941be215c0884d-large.jpg 1920w\" data-sizes=\"(max-width: 600px) 100vw, 600px\" src=\"data:image\/svg+xml;base64,PHN2ZyB3aWR0aD0iMSIgaGVpZ2h0PSIxIiB4bWxucz0iaHR0cDovL3d3dy53My5vcmcvMjAwMC9zdmciPjwvc3ZnPg==\" style=\"--smush-placeholder-width: 600px; --smush-placeholder-aspect-ratio: 600\/401;\" \/><\/a><\/p>\n<p>Im Einklang mit der deutlichen Kykladenarchitektur und mit minimalem Dekor, verf\u00fcgen unsere Junior-Suiten \u00fcber einen eigenen Balkon mit erstaunlichem Blick auf die \u00c4g\u00e4is.<\/p>\n<p>Dar\u00fcber hinaus bieten die Zimmer moderne und komfortable Annehmlichkeiten. Die Junior-Suiten decken die Bed\u00fcrfnisse von Erwachsenen und Kindern ab, sch\u00fctzen die Privatsph\u00e4re und bieten Platz f\u00fcr bis zu drei Personen.<\/p>\n<p style=\"text-align: center;\"><a class=\"btn btn-inline\" href=\"https:\/\/old.antineahotel.gr\/de\/rooms\/junior-suite\/\">Reservieren Sie Jetzt Das Junior-Suite<\/a><\/p>\n[\/vc_column_text][\/vc_column][\/vc_row][vc_row full_width=&#8220;stretch_row&#8220; css=&#8220;.vc_custom_1516894432497{background-image: url(https:\/\/old.antineahotel.gr\/wp-content\/uploads\/2018\/01\/DSC_3606.jpg?id=3314) !important;background-position: center !important;background-repeat: no-repeat !important;background-size: cover !important;}&#8220;][vc_column width=&#8220;1\/2&#8243;][vc_column_text el_class=&#8220;white-box content-padding&#8220;]\n<h2 id=\"cove\" class=\"text-uppercase\" style=\"text-align: left;\"><a href=\"https:\/\/old.antineahotel.gr\/de\/rooms\/junior-suite-with-private-pool\/\">Junior-Suite mit eigenem Pool<\/a><\/h2>\n<p>Spacious room with a Queen size bed and double sofa bed, comfortable sitting area and an amazing balcony with your own private pool.<\/p>\n<p>This Suite is perfect for honeymooners and couples that want to celebrate their love in the most inspiring setting.<br \/>\n<a class=\"btn btn-inline\" href=\"https:\/\/old.antineahotel.gr\/de\/rooms\/junior-suite-with-private-pool\/\">Reservieren Sie Jetzt Das Junior-Suite mit eigenem Pool<\/a>[\/vc_column_text][\/vc_column][\/vc_row][vc_row][vc_column width=&#8220;1\/3&#8243;][vc_column_text]\n<h2 id=\"sideview\" class=\"text-uppercase text-center\" style=\"text-align: center;\"><a href=\"https:\/\/old.antineahotel.gr\/de\/rooms\/junior-suite-with-outdoor-jacuzzi\/\">Junior-Suite mit Whirlpool im Freien<\/a><\/h2>\n<p class=\"lead\" style=\"text-align: center;\"><a href=\"https:\/\/old.antineahotel.gr\/de\/rooms\/junior-suite-with-outdoor-jacuzzi\/\"><img decoding=\"async\" class=\"aligncenter wp-image-3291 size-full lazyload\" data-src=\"https:\/\/old.antineahotel.gr\/wp-content\/uploads\/2018\/01\/58ac2d15ba941b891802c0e4-large-1.jpg\" alt=\"\" width=\"600\" height=\"400\" data-srcset=\"https:\/\/old.antineahotel.gr\/wp-content\/uploads\/2018\/01\/58ac2d15ba941b891802c0e4-large-1.jpg 600w, https:\/\/old.antineahotel.gr\/wp-content\/uploads\/2018\/01\/58ac2d15ba941b891802c0e4-large-1-300x200.jpg 300w\" data-sizes=\"(max-width: 600px) 100vw, 600px\" src=\"data:image\/svg+xml;base64,PHN2ZyB3aWR0aD0iMSIgaGVpZ2h0PSIxIiB4bWxucz0iaHR0cDovL3d3dy53My5vcmcvMjAwMC9zdmciPjwvc3ZnPg==\" style=\"--smush-placeholder-width: 600px; --smush-placeholder-aspect-ratio: 600\/400;\" \/><\/a><\/p>\n<p>The junior Suite with Outdoor Jacuzzi is spacious with a Queen size bed, sitting area with a sofa bed and newly renovated bathroom.<\/p>\n<p>The junior Suites are Ideal for couples who want to enjoy luxury living in a private heaven with splendid views to the east side of the island.<\/p>\n<p style=\"text-align: center;\"><a class=\"btn btn-inline\" href=\"https:\/\/old.antineahotel.gr\/de\/rooms\/junior-suite-with-outdoor-jacuzzi\/\">Reservieren Sie Jetzt Das Junior-Suite mit Whirlpool im Freien<\/a><\/p>\n[\/vc_column_text][\/vc_column][vc_column width=&#8220;1\/3&#8243;][vc_column_text]\n<h2 id=\"view\" class=\"text-uppercase text-center\" style=\"text-align: center;\"><a href=\"https:\/\/old.antineahotel.gr\/de\/rooms\/junior-suite-with-indoor-jacuzzi\/\">Junior-Suite mit Whirlpool im Innenbereich<\/a><\/h2>\n<p style=\"text-align: center;\"><a href=\"https:\/\/old.antineahotel.gr\/de\/rooms\/junior-suite-with-indoor-jacuzzi\/\"><img decoding=\"async\" class=\"aligncenter wp-image-3292 size-full lazyload\" data-src=\"https:\/\/old.antineahotel.gr\/wp-content\/uploads\/2018\/01\/569789bfcca2fdba2af671da-medium-2.jpg\" alt=\"\" width=\"600\" height=\"400\" data-srcset=\"https:\/\/old.antineahotel.gr\/wp-content\/uploads\/2018\/01\/569789bfcca2fdba2af671da-medium-2.jpg 600w, https:\/\/old.antineahotel.gr\/wp-content\/uploads\/2018\/01\/569789bfcca2fdba2af671da-medium-2-300x200.jpg 300w\" data-sizes=\"(max-width: 600px) 100vw, 600px\" src=\"data:image\/svg+xml;base64,PHN2ZyB3aWR0aD0iMSIgaGVpZ2h0PSIxIiB4bWxucz0iaHR0cDovL3d3dy53My5vcmcvMjAwMC9zdmciPjwvc3ZnPg==\" style=\"--smush-placeholder-width: 600px; --smush-placeholder-aspect-ratio: 600\/400;\" \/><\/a><\/p>\n<p>This Junior suite features a private Jacuzzi in the bedroom, Queen size bed, sitting area and marvelous sea view.<br \/>\nThe comfortable furniture and the splendid views of the island guarantee the perfect holiday experience.<br \/>\nFind romance and elegance, bright decor and exceptional space in our Junior Suite.<\/p>\n<p style=\"text-align: center;\"><a class=\"btn btn-inline\" href=\"https:\/\/old.antineahotel.gr\/de\/rooms\/junior-suite-with-indoor-jacuzzi\/\">Reservieren Sie Jetzt Das Junior-Suite mit Whirlpool im Innenbereich<\/a><\/p>\n[\/vc_column_text][\/vc_column][vc_column width=&#8220;1\/3&#8243;][vc_column_text]\n<h2 id=\"view\" class=\"text-uppercase text-center\" style=\"text-align: center;\"><a href=\"https:\/\/old.antineahotel.gr\/de\/rooms\/maisonette-with-indoor-jacuzzi\/\">Maisonette mit Innenwhirlpool<\/a><\/h2>\n<p style=\"text-align: center;\"><a href=\"https:\/\/old.antineahotel.gr\/de\/rooms\/maisonette-with-indoor-jacuzzi\/\"><img decoding=\"async\" class=\"aligncenter wp-image-3293 size-full lazyload\" data-src=\"https:\/\/old.antineahotel.gr\/wp-content\/uploads\/2018\/01\/58ac323fba941b061a49841e-medium-1.jpg\" alt=\"\" width=\"600\" height=\"400\" data-srcset=\"https:\/\/old.antineahotel.gr\/wp-content\/uploads\/2018\/01\/58ac323fba941b061a49841e-medium-1.jpg 600w, https:\/\/old.antineahotel.gr\/wp-content\/uploads\/2018\/01\/58ac323fba941b061a49841e-medium-1-300x200.jpg 300w\" data-sizes=\"(max-width: 600px) 100vw, 600px\" src=\"data:image\/svg+xml;base64,PHN2ZyB3aWR0aD0iMSIgaGVpZ2h0PSIxIiB4bWxucz0iaHR0cDovL3d3dy53My5vcmcvMjAwMC9zdmciPjwvc3ZnPg==\" style=\"--smush-placeholder-width: 600px; --smush-placeholder-aspect-ratio: 600\/400;\" \/><\/a><\/p>\n<p>The cozy Family Maisonettes compose an elegant retreat, perfectly tailored to the needs of modern families. It\u2019s a comfortable two level \u2013 open plan area \u2013 which can accommodate up to four people.<br \/>\nThe Maisonette features a Queen size bed in the first level, where the Jacuzzi also is located and two twin beds in the upper level.<br \/>\nEnjoy your stay and spend quality time as a family in a truly appealing setting.<\/p>\n<p style=\"text-align: center;\"><a class=\"btn btn-inline\" href=\"https:\/\/old.antineahotel.gr\/de\/rooms\/maisonette-with-indoor-jacuzzi\/\">Reservieren Sie Jetzt Das Maisonette mit Innenwhirlpool<\/a><\/p>\n[\/vc_column_text][\/vc_column][\/vc_row][vc_row full_width=&#8220;stretch_row&#8220; css=&#8220;.vc_custom_1516894483603{background-image: url(https:\/\/old.antineahotel.gr\/wp-content\/uploads\/2018\/01\/DSC_3594.jpg?id=3315) !important;background-position: center !important;background-repeat: no-repeat !important;background-size: cover !important;}&#8220;][vc_column width=&#8220;1\/2&#8243; offset=&#8220;vc_col-sm-offset-6&#8243;][vc_column_text el_class=&#8220;white-box content-padding&#8220;]\n<h2 id=\"cove\" class=\"text-uppercase\" style=\"text-align: left;\"><a href=\"https:\/\/old.antineahotel.gr\/de\/rooms\/royal-suite-with-indoor-jacuzzi\/\">Royal-Suite mit Whirlpool im Innenbereich<\/a><\/h2>\n<p>This Suite is the epitome of romance! Exceptional luxury and comfort with splendid views to Aegean Sea.<\/p>\n<p>The Royal Suite features a big private balcony with amazing view, Queen size Bed and comfortable sitting area with double sofa. Comfortable outside sitting area and sun loungers at the private balcony.<\/p>\n<p>Combining luxury comforts and modern design with the traditional beauty of Cyclades.<br \/>\n<a class=\"btn btn-inline\" href=\"https:\/\/old.antineahotel.gr\/de\/rooms\/royal-suite-with-indoor-jacuzzi\/\">Reservieren Sie Jetzt Das Royal-Suite mit Whirlpool im Innenbereich<\/a>[\/vc_column_text][\/vc_column][\/vc_row]\n<\/div>","protected":false},"excerpt":{"rendered":"<p>[vc_row][vc_column width=&#8220;1\/2&#8243;][vc_column_text] Standard Doppelzimmer Die modernen oder traditionell eingerichteten Standardzimmer verf\u00fcgen \u00fcber komfortable Betten, ein modernes Innendesign und einen eigenen Balkon mit Meer- oder Bergblick. Alle Zimmer bieten ein H\u00f6chstma\u00df an Komfort und Entspannung und bieten ein verw\u00f6hnendes Erlebnis. Reservieren Sie Jetzt Das Standard Doppelzimmer [\/vc_column_text][\/vc_column][vc_column width=&#8220;1\/2&#8243;][vc_column_text] Junior-Suite Im Einklang mit der deutlichen Kykladenarchitektur und mit minimalem Dekor, verf\u00fcgen unsere [&hellip;]<\/p>\n","protected":false},"author":10,"featured_media":0,"parent":3596,"menu_order":0,"comment_status":"closed","ping_status":"open","template":"","meta":{"footnotes":""},"class_list":["post-3597","page","type-page","status-publish","hentry"],"yoast_head":"<!-- This site is optimized with the Yoast SEO plugin v26.5 - https:\/\/yoast.com\/wordpress\/plugins\/seo\/ -->\n<title>Zimmerliste - Antinea Hotel<\/title>\n<meta name=\"robots\" content=\"index, follow, max-snippet:-1, max-image-preview:large, max-video-preview:-1\" \/>\n<link rel=\"canonical\" href=\"https:\/\/old.antineahotel.gr\/de\/hotel\/rooms-listing\/\" \/>\n<meta property=\"og:locale\" content=\"de_DE\" \/>\n<meta property=\"og:type\" content=\"article\" \/>\n<meta property=\"og:title\" content=\"Zimmerliste - Antinea Hotel\" \/>\n<meta property=\"og:description\" content=\"[vc_row][vc_column width=&#8220;1\/2&#8243;][vc_column_text] Standard Doppelzimmer Die modernen oder traditionell eingerichteten Standardzimmer verf\u00fcgen \u00fcber komfortable Betten, ein modernes Innendesign und einen eigenen Balkon mit Meer- oder Bergblick. Alle Zimmer bieten ein H\u00f6chstma\u00df an Komfort und Entspannung und bieten ein verw\u00f6hnendes Erlebnis. Reservieren Sie Jetzt Das Standard Doppelzimmer [\/vc_column_text][\/vc_column][vc_column width=&#8220;1\/2&#8243;][vc_column_text] Junior-Suite Im Einklang mit der deutlichen Kykladenarchitektur und mit minimalem Dekor, verf\u00fcgen unsere [&hellip;]\" \/>\n<meta property=\"og:url\" content=\"https:\/\/old.antineahotel.gr\/de\/hotel\/rooms-listing\/\" \/>\n<meta property=\"og:site_name\" content=\"Antinea Hotel\" \/>\n<meta property=\"article:modified_time\" content=\"2019-01-22T13:24:10+00:00\" \/>\n<meta property=\"og:image\" content=\"https:\/\/old.antineahotel.gr\/wp-content\/uploads\/2015\/07\/shutterstock_279299915.jpg\" \/>\n\t<meta property=\"og:image:width\" content=\"1000\" \/>\n\t<meta property=\"og:image:height\" content=\"668\" \/>\n\t<meta property=\"og:image:type\" content=\"image\/jpeg\" \/>\n<meta name=\"twitter:card\" content=\"summary_large_image\" \/>\n<meta name=\"twitter:label1\" content=\"Gesch\u00e4tzte Lesezeit\" \/>\n\t<meta name=\"twitter:data1\" content=\"3\u00a0Minuten\" \/>\n<script type=\"application\/ld+json\" class=\"yoast-schema-graph\">{\"@context\":\"https:\/\/schema.org\",\"@graph\":[{\"@type\":\"WebPage\",\"@id\":\"https:\/\/old.antineahotel.gr\/de\/hotel\/rooms-listing\/\",\"url\":\"https:\/\/old.antineahotel.gr\/de\/hotel\/rooms-listing\/\",\"name\":\"Zimmerliste - Antinea Hotel\",\"isPartOf\":{\"@id\":\"https:\/\/old.antineahotel.gr\/#website\"},\"primaryImageOfPage\":{\"@id\":\"https:\/\/old.antineahotel.gr\/de\/hotel\/rooms-listing\/#primaryimage\"},\"image\":{\"@id\":\"https:\/\/old.antineahotel.gr\/de\/hotel\/rooms-listing\/#primaryimage\"},\"thumbnailUrl\":\"https:\/\/old.antineahotel.gr\/wp-content\/uploads\/2015\/07\/shutterstock_279299915.jpg\",\"datePublished\":\"2014-09-14T09:20:42+00:00\",\"dateModified\":\"2019-01-22T13:24:10+00:00\",\"breadcrumb\":{\"@id\":\"https:\/\/old.antineahotel.gr\/de\/hotel\/rooms-listing\/#breadcrumb\"},\"inLanguage\":\"de\",\"potentialAction\":[{\"@type\":\"ReadAction\",\"target\":[\"https:\/\/old.antineahotel.gr\/de\/hotel\/rooms-listing\/\"]}]},{\"@type\":\"ImageObject\",\"inLanguage\":\"de\",\"@id\":\"https:\/\/old.antineahotel.gr\/de\/hotel\/rooms-listing\/#primaryimage\",\"url\":\"https:\/\/old.antineahotel.gr\/wp-content\/uploads\/2015\/07\/shutterstock_279299915.jpg\",\"contentUrl\":\"https:\/\/old.antineahotel.gr\/wp-content\/uploads\/2015\/07\/shutterstock_279299915.jpg\"},{\"@type\":\"BreadcrumbList\",\"@id\":\"https:\/\/old.antineahotel.gr\/de\/hotel\/rooms-listing\/#breadcrumb\",\"itemListElement\":[{\"@type\":\"ListItem\",\"position\":1,\"name\":\"Home\",\"item\":\"https:\/\/old.antineahotel.gr\/de\/\"},{\"@type\":\"ListItem\",\"position\":2,\"name\":\"Hotel\",\"item\":\"https:\/\/old.antineahotel.gr\/de\/hotel\/\"},{\"@type\":\"ListItem\",\"position\":3,\"name\":\"Zimmerliste\"}]},{\"@type\":\"WebSite\",\"@id\":\"https:\/\/old.antineahotel.gr\/#website\",\"url\":\"https:\/\/old.antineahotel.gr\/\",\"name\":\"Antinea Hotel\",\"description\":\"\",\"potentialAction\":[{\"@type\":\"SearchAction\",\"target\":{\"@type\":\"EntryPoint\",\"urlTemplate\":\"https:\/\/old.antineahotel.gr\/?s={search_term_string}\"},\"query-input\":{\"@type\":\"PropertyValueSpecification\",\"valueRequired\":true,\"valueName\":\"search_term_string\"}}],\"inLanguage\":\"de\"}]}<\/script>\n<!-- \/ Yoast SEO plugin. -->","yoast_head_json":{"title":"Zimmerliste - Antinea Hotel","robots":{"index":"index","follow":"follow","max-snippet":"max-snippet:-1","max-image-preview":"max-image-preview:large","max-video-preview":"max-video-preview:-1"},"canonical":"https:\/\/old.antineahotel.gr\/de\/hotel\/rooms-listing\/","og_locale":"de_DE","og_type":"article","og_title":"Zimmerliste - Antinea Hotel","og_description":"[vc_row][vc_column width=&#8220;1\/2&#8243;][vc_column_text] Standard Doppelzimmer Die modernen oder traditionell eingerichteten Standardzimmer verf\u00fcgen \u00fcber komfortable Betten, ein modernes Innendesign und einen eigenen Balkon mit Meer- oder Bergblick. Alle Zimmer bieten ein H\u00f6chstma\u00df an Komfort und Entspannung und bieten ein verw\u00f6hnendes Erlebnis. Reservieren Sie Jetzt Das Standard Doppelzimmer [\/vc_column_text][\/vc_column][vc_column width=&#8220;1\/2&#8243;][vc_column_text] Junior-Suite Im Einklang mit der deutlichen Kykladenarchitektur und mit minimalem Dekor, verf\u00fcgen unsere [&hellip;]","og_url":"https:\/\/old.antineahotel.gr\/de\/hotel\/rooms-listing\/","og_site_name":"Antinea Hotel","article_modified_time":"2019-01-22T13:24:10+00:00","og_image":[{"width":1000,"height":668,"url":"https:\/\/old.antineahotel.gr\/wp-content\/uploads\/2015\/07\/shutterstock_279299915.jpg","type":"image\/jpeg"}],"twitter_card":"summary_large_image","twitter_misc":{"Gesch\u00e4tzte Lesezeit":"3\u00a0Minuten"},"schema":{"@context":"https:\/\/schema.org","@graph":[{"@type":"WebPage","@id":"https:\/\/old.antineahotel.gr\/de\/hotel\/rooms-listing\/","url":"https:\/\/old.antineahotel.gr\/de\/hotel\/rooms-listing\/","name":"Zimmerliste - Antinea Hotel","isPartOf":{"@id":"https:\/\/old.antineahotel.gr\/#website"},"primaryImageOfPage":{"@id":"https:\/\/old.antineahotel.gr\/de\/hotel\/rooms-listing\/#primaryimage"},"image":{"@id":"https:\/\/old.antineahotel.gr\/de\/hotel\/rooms-listing\/#primaryimage"},"thumbnailUrl":"https:\/\/old.antineahotel.gr\/wp-content\/uploads\/2015\/07\/shutterstock_279299915.jpg","datePublished":"2014-09-14T09:20:42+00:00","dateModified":"2019-01-22T13:24:10+00:00","breadcrumb":{"@id":"https:\/\/old.antineahotel.gr\/de\/hotel\/rooms-listing\/#breadcrumb"},"inLanguage":"de","potentialAction":[{"@type":"ReadAction","target":["https:\/\/old.antineahotel.gr\/de\/hotel\/rooms-listing\/"]}]},{"@type":"ImageObject","inLanguage":"de","@id":"https:\/\/old.antineahotel.gr\/de\/hotel\/rooms-listing\/#primaryimage","url":"https:\/\/old.antineahotel.gr\/wp-content\/uploads\/2015\/07\/shutterstock_279299915.jpg","contentUrl":"https:\/\/old.antineahotel.gr\/wp-content\/uploads\/2015\/07\/shutterstock_279299915.jpg"},{"@type":"BreadcrumbList","@id":"https:\/\/old.antineahotel.gr\/de\/hotel\/rooms-listing\/#breadcrumb","itemListElement":[{"@type":"ListItem","position":1,"name":"Home","item":"https:\/\/old.antineahotel.gr\/de\/"},{"@type":"ListItem","position":2,"name":"Hotel","item":"https:\/\/old.antineahotel.gr\/de\/hotel\/"},{"@type":"ListItem","position":3,"name":"Zimmerliste"}]},{"@type":"WebSite","@id":"https:\/\/old.antineahotel.gr\/#website","url":"https:\/\/old.antineahotel.gr\/","name":"Antinea Hotel","description":"","potentialAction":[{"@type":"SearchAction","target":{"@type":"EntryPoint","urlTemplate":"https:\/\/old.antineahotel.gr\/?s={search_term_string}"},"query-input":{"@type":"PropertyValueSpecification","valueRequired":true,"valueName":"search_term_string"}}],"inLanguage":"de"}]}},"_links":{"self":[{"href":"https:\/\/old.antineahotel.gr\/de\/wp-json\/wp\/v2\/pages\/3597","targetHints":{"allow":["GET"]}}],"collection":[{"href":"https:\/\/old.antineahotel.gr\/de\/wp-json\/wp\/v2\/pages"}],"about":[{"href":"https:\/\/old.antineahotel.gr\/de\/wp-json\/wp\/v2\/types\/page"}],"author":[{"embeddable":true,"href":"https:\/\/old.antineahotel.gr\/de\/wp-json\/wp\/v2\/users\/10"}],"replies":[{"embeddable":true,"href":"https:\/\/old.antineahotel.gr\/de\/wp-json\/wp\/v2\/comments?post=3597"}],"version-history":[{"count":11,"href":"https:\/\/old.antineahotel.gr\/de\/wp-json\/wp\/v2\/pages\/3597\/revisions"}],"predecessor-version":[{"id":4001,"href":"https:\/\/old.antineahotel.gr\/de\/wp-json\/wp\/v2\/pages\/3597\/revisions\/4001"}],"up":[{"embeddable":true,"href":"https:\/\/old.antineahotel.gr\/de\/wp-json\/wp\/v2\/pages\/3596"}],"wp:attachment":[{"href":"https:\/\/old.antineahotel.gr\/de\/wp-json\/wp\/v2\/media?parent=3597"}],"curies":[{"name":"wp","href":"https:\/\/api.w.org\/{rel}","templated":true}]}}