{"id":3599,"date":"2014-09-14T09:19:49","date_gmt":"2014-09-14T09:19:49","guid":{"rendered":"https:\/\/old.antineahotel.gr\/?page_id=3599"},"modified":"2019-01-21T15:09:29","modified_gmt":"2019-01-21T15:09:29","slug":"recreation","status":"publish","type":"page","link":"https:\/\/old.antineahotel.gr\/de\/recreation\/","title":{"rendered":"VERGN\u00dcGEN"},"content":{"rendered":"<div class=\"wpb-content-wrapper\">[vc_row full_width=&#8220;stretch_row&#8220; position=&#8220;center center&#8220; css=&#8220;.vc_custom_1516636235363{background-position: 0 0 !important;background-repeat: repeat !important;}&#8220; el_class=&#8220;bg-size&#8220;][vc_column width=&#8220;1\/2&#8243;][vc_single_image image=&#8220;3172&#8243; img_size=&#8220;large&#8220;][\/vc_column][vc_column width=&#8220;1\/2&#8243;][vc_column_text]\n<h2>AUSFL\u00dcGE<small>UNVERGESSLICHE LEBENSERFAHRUNGEN<\/small><\/h2>\n<p>Unser Team gibt Ihnen Empfehlungen f\u00fcr organisierte Touren und Ausfl\u00fcge, die Sie ausw\u00e4hlen und Santorini an einem Tag entdecken k\u00f6nnen.<\/p>\n<p>Wir k\u00f6nnen Ihre Segelt\u00f6rns zu den interessantesten Orten auf Santorini organisieren, so dass Sie die Wahrzeichen der Insel, die n\u00e4chstgelegenen Inseln und definitiv das Dorf des ber\u00fchmten Sonnenuntergangs besuchen.<\/p>\n<p>Sie k\u00f6nnen viele Ausfl\u00fcge zu allen Zielen der Insel finden, wie zu den arch\u00e4ologischen St\u00e4tten, den traditionellen D\u00f6rfer und zum Vulkan. Profitieren Sie von den Planungsleistungen unseres Teams und genie\u00dfen Sie Ihren Urlaub auf Santorini wie nie zuvor.<br \/>\n<a class=\"btn btn-inline\" href=\"https:\/\/old.antineahotel.gr\/de\/recreation\/excursions\/\">Weitere Informationen <\/a>[\/vc_column_text][\/vc_column][\/vc_row][vc_row full_width=&#8220;stretch_row&#8220; position=&#8220;center center&#8220; css=&#8220;.vc_custom_1516636251285{background-position: 0 0 !important;background-repeat: repeat !important;}&#8220; el_class=&#8220;bg-size&#8220;][vc_column width=&#8220;1\/2&#8243;][vc_column_text]\n<h2>Antinea Spa &amp; Wellness<small>REGENERIERUNG &amp; WELLNESS<\/small><\/h2>\n<p>Antinea Spa Einrichtungen bieten die entspannendste Umgebung f\u00fcr Ihren Urlaub in Santorini. Ihre Einrichtungen umfassen:<\/p>\n<p>Genie\u00dfen Sie einen Whirlpool, haben Sie eine entspannende Massage von professionellen Therapeuten, gehen Sie in die Sauna oder ins Hamam und beleben Sie sich w\u00e4hrend Ihres Urlaubs. Eine gro\u00dfe Vielfalt an Heilbehandlungen und Massagen steht f\u00fcr die verj\u00fcngendste massgeschneiderste Reise zur Verf\u00fcgung.<\/p>\n<p>Viele von unseren Behandlungen vereinen die lokalen botanischen Ressourcen mit den traditionellen, spirituellen und k\u00f6rperlichen Heilk\u00fcnsten, die Ihrer Sch\u00f6nheit und Gesundheit gewidmet sind. Ganz gleich, ob Sie sich einen Moment der Entspannung w\u00fcnschen, Muskelverspannungen reduzieren oder chronische Schmerzen lindern m\u00f6chten &#8211; eine therapeutische Massage kann Ihr allgemeines Gef\u00fchl f\u00fcr Ihr emotionales und k\u00f6rperliches Wohlbefinden steigern.<br \/>\n<a class=\"btn btn-inline\" href=\"https:\/\/old.antineahotel.gr\/de\/recreation\/antinea-spa-wellness\/\">Weitere Informationen<\/a>[\/vc_column_text][\/vc_column][vc_column width=&#8220;1\/2&#8243;][vc_single_image image=&#8220;3102&#8243; img_size=&#8220;large&#8220;][\/vc_column][\/vc_row][vc_row full_width=&#8220;stretch_row_content_no_spaces&#8220; css=&#8220;.vc_custom_1516803534312{background-image: url(https:\/\/old.antineahotel.gr\/wp-content\/uploads\/2018\/01\/shutterstock_538182049.jpg?id=3090) !important;}&#8220;][vc_column width=&#8220;2\/3&#8243; el_class=&#8220;white-box content-padding text-uppercase&#8220; offset=&#8220;vc_col-sm-offset-2&#8243;]<ul class=\"list-services \"><li>\n  <h3>\n    <a href=\"https:\/\/old.antineahotel.gr\/de\/antinea-experience\/caldera-oia-sunset-cruise\/\">\n      SONNENUNTERGANGSAUSFLUG IN CALDERA & OIA      <small>Kreuzfahrt mit traditionellem Schiff<\/small>    <\/a>\n  <\/h3>\n<\/li>\n<li>\n  <h3>\n    <a href=\"https:\/\/old.antineahotel.gr\/de\/antinea-experience\/island-bus-tour-to-the-majestic-spots-of-santorini\/\">\n      Inselbus-Tour zu den majest\u00e4tischen Orten von Santorini      <small>Erkunden sie jedes dorf von santorini, solange sie w\u00fcnschen<\/small>    <\/a>\n  <\/h3>\n<\/li>\n<li>\n  <h3>\n    <a href=\"https:\/\/old.antineahotel.gr\/de\/antinea-experience\/sightseeing-archaeological-bus-tour-santorini\/\">\n      Arch\u00e4ologische Bustouren      <small>Akrotiri & sehensw\u00fcrdigkeiten<\/small>    <\/a>\n  <\/h3>\n<\/li>\n<li>\n  <h3>\n    <a href=\"https:\/\/old.antineahotel.gr\/de\/antinea-experience\/private-tour\/\">\n      PRIVATTOUREN      <small>Mit der komfortabelsten Fahrzeugklasse<\/small>    <\/a>\n  <\/h3>\n<\/li>\n<\/ul>[\/vc_column][\/vc_row][vc_row][vc_column width=&#8220;1\/2&#8243; offset=&#8220;vc_col-sm-offset-3&#8243;][vc_column_text el_class=&#8220;text-center&#8220;]\n<h2>DER SCHWARZE STRAND VON KAMARI<small>DAS BEKANNTE KOSMOPOLITISCHE STRANDRESORT VON SANTORINI MIT DEM VERLOCKENDEN ABENDBRIZE UND DER NAT\u00dcRLICHEN SCH\u00d6NHEIT.<\/small><\/h2>\n<p class=\"lead\">Der gut organisierte Strand mit Freizeiteinrichtungen und -services bietet verschiedene Arten von Wassersportaktivit\u00e4ten und Extremsportarten.<\/p>\n<p class=\"lead\">Der Strand ist familienfreundlich und bietet zahlreiche Restaurants, Bars und andere touristische Einrichtungen. Der Strand von Kamari ist ein ideales Ziel f\u00fcr diejenigen, die die Sonne genie\u00dfen und alternative Aktivit\u00e4ten erleben m\u00f6chten.<\/p>\n[\/vc_column_text][\/vc_column][\/vc_row][vc_row full_width=&#8220;stretch_row&#8220; parallax=&#8220;content-moving&#8220; position=&#8220;right center&#8220; css=&#8220;.vc_custom_1516803470032{background-image: url(https:\/\/old.antineahotel.gr\/wp-content\/uploads\/2018\/01\/shutterstock_739373770.jpg?id=3174) !important;background-position: center;background-repeat: no-repeat !important;background-size: cover !important;}&#8220; min_height=&#8220;600px&#8220;][vc_column width=&#8220;1\/2&#8243; offset=&#8220;vc_col-sm-offset-3&#8243;][\/vc_column][\/vc_row]\n<\/div>","protected":false},"excerpt":{"rendered":"<p>[vc_row full_width=&#8220;stretch_row&#8220; position=&#8220;center center&#8220; css=&#8220;.vc_custom_1516636235363{background-position: 0 0 !important;background-repeat: repeat !important;}&#8220; el_class=&#8220;bg-size&#8220;][vc_column width=&#8220;1\/2&#8243;][vc_single_image image=&#8220;3172&#8243; img_size=&#8220;large&#8220;][\/vc_column][vc_column width=&#8220;1\/2&#8243;][vc_column_text] AUSFL\u00dcGEUNVERGESSLICHE LEBENSERFAHRUNGEN Unser Team gibt Ihnen Empfehlungen f\u00fcr organisierte Touren und Ausfl\u00fcge, die Sie ausw\u00e4hlen und Santorini an einem Tag entdecken k\u00f6nnen. Wir k\u00f6nnen Ihre Segelt\u00f6rns zu den interessantesten Orten auf Santorini organisieren, so dass Sie die Wahrzeichen der Insel, die n\u00e4chstgelegenen Inseln und definitiv [&hellip;]<\/p>\n","protected":false},"author":10,"featured_media":0,"parent":0,"menu_order":0,"comment_status":"closed","ping_status":"open","template":"","meta":{"footnotes":""},"class_list":["post-3599","page","type-page","status-publish","hentry"],"yoast_head":"<!-- This site is optimized with the Yoast SEO plugin v26.5 - https:\/\/yoast.com\/wordpress\/plugins\/seo\/ -->\n<title>VERGN\u00dcGEN - Antinea Hotel<\/title>\n<meta name=\"robots\" content=\"index, follow, max-snippet:-1, max-image-preview:large, max-video-preview:-1\" \/>\n<link rel=\"canonical\" href=\"https:\/\/old.antineahotel.gr\/de\/recreation\/\" \/>\n<meta property=\"og:locale\" content=\"de_DE\" \/>\n<meta property=\"og:type\" content=\"article\" \/>\n<meta property=\"og:title\" content=\"VERGN\u00dcGEN - Antinea Hotel\" \/>\n<meta property=\"og:description\" content=\"[vc_row full_width=&#8220;stretch_row&#8220; position=&#8220;center center&#8220; css=&#8220;.vc_custom_1516636235363{background-position: 0 0 !important;background-repeat: repeat !important;}&#8220; el_class=&#8220;bg-size&#8220;][vc_column width=&#8220;1\/2&#8243;][vc_single_image image=&#8220;3172&#8243; img_size=&#8220;large&#8220;][\/vc_column][vc_column width=&#8220;1\/2&#8243;][vc_column_text] AUSFL\u00dcGEUNVERGESSLICHE LEBENSERFAHRUNGEN Unser Team gibt Ihnen Empfehlungen f\u00fcr organisierte Touren und Ausfl\u00fcge, die Sie ausw\u00e4hlen und Santorini an einem Tag entdecken k\u00f6nnen. Wir k\u00f6nnen Ihre Segelt\u00f6rns zu den interessantesten Orten auf Santorini organisieren, so dass Sie die Wahrzeichen der Insel, die n\u00e4chstgelegenen Inseln und definitiv [&hellip;]\" \/>\n<meta property=\"og:url\" content=\"https:\/\/old.antineahotel.gr\/de\/recreation\/\" \/>\n<meta property=\"og:site_name\" content=\"Antinea Hotel\" \/>\n<meta property=\"article:modified_time\" content=\"2019-01-21T15:09:29+00:00\" \/>\n<meta name=\"twitter:card\" content=\"summary_large_image\" \/>\n<meta name=\"twitter:label1\" content=\"Gesch\u00e4tzte Lesezeit\" \/>\n\t<meta name=\"twitter:data1\" content=\"3\u00a0Minuten\" \/>\n<script type=\"application\/ld+json\" class=\"yoast-schema-graph\">{\"@context\":\"https:\/\/schema.org\",\"@graph\":[{\"@type\":\"WebPage\",\"@id\":\"https:\/\/old.antineahotel.gr\/de\/recreation\/\",\"url\":\"https:\/\/old.antineahotel.gr\/de\/recreation\/\",\"name\":\"VERGN\u00dcGEN - Antinea Hotel\",\"isPartOf\":{\"@id\":\"https:\/\/old.antineahotel.gr\/#website\"},\"datePublished\":\"2014-09-14T09:19:49+00:00\",\"dateModified\":\"2019-01-21T15:09:29+00:00\",\"breadcrumb\":{\"@id\":\"https:\/\/old.antineahotel.gr\/de\/recreation\/#breadcrumb\"},\"inLanguage\":\"de\",\"potentialAction\":[{\"@type\":\"ReadAction\",\"target\":[\"https:\/\/old.antineahotel.gr\/de\/recreation\/\"]}]},{\"@type\":\"BreadcrumbList\",\"@id\":\"https:\/\/old.antineahotel.gr\/de\/recreation\/#breadcrumb\",\"itemListElement\":[{\"@type\":\"ListItem\",\"position\":1,\"name\":\"Home\",\"item\":\"https:\/\/old.antineahotel.gr\/de\/\"},{\"@type\":\"ListItem\",\"position\":2,\"name\":\"VERGN\u00dcGEN\"}]},{\"@type\":\"WebSite\",\"@id\":\"https:\/\/old.antineahotel.gr\/#website\",\"url\":\"https:\/\/old.antineahotel.gr\/\",\"name\":\"Antinea Hotel\",\"description\":\"\",\"potentialAction\":[{\"@type\":\"SearchAction\",\"target\":{\"@type\":\"EntryPoint\",\"urlTemplate\":\"https:\/\/old.antineahotel.gr\/?s={search_term_string}\"},\"query-input\":{\"@type\":\"PropertyValueSpecification\",\"valueRequired\":true,\"valueName\":\"search_term_string\"}}],\"inLanguage\":\"de\"}]}<\/script>\n<!-- \/ Yoast SEO plugin. -->","yoast_head_json":{"title":"VERGN\u00dcGEN - Antinea Hotel","robots":{"index":"index","follow":"follow","max-snippet":"max-snippet:-1","max-image-preview":"max-image-preview:large","max-video-preview":"max-video-preview:-1"},"canonical":"https:\/\/old.antineahotel.gr\/de\/recreation\/","og_locale":"de_DE","og_type":"article","og_title":"VERGN\u00dcGEN - Antinea Hotel","og_description":"[vc_row full_width=&#8220;stretch_row&#8220; position=&#8220;center center&#8220; css=&#8220;.vc_custom_1516636235363{background-position: 0 0 !important;background-repeat: repeat !important;}&#8220; el_class=&#8220;bg-size&#8220;][vc_column width=&#8220;1\/2&#8243;][vc_single_image image=&#8220;3172&#8243; img_size=&#8220;large&#8220;][\/vc_column][vc_column width=&#8220;1\/2&#8243;][vc_column_text] AUSFL\u00dcGEUNVERGESSLICHE LEBENSERFAHRUNGEN Unser Team gibt Ihnen Empfehlungen f\u00fcr organisierte Touren und Ausfl\u00fcge, die Sie ausw\u00e4hlen und Santorini an einem Tag entdecken k\u00f6nnen. Wir k\u00f6nnen Ihre Segelt\u00f6rns zu den interessantesten Orten auf Santorini organisieren, so dass Sie die Wahrzeichen der Insel, die n\u00e4chstgelegenen Inseln und definitiv [&hellip;]","og_url":"https:\/\/old.antineahotel.gr\/de\/recreation\/","og_site_name":"Antinea Hotel","article_modified_time":"2019-01-21T15:09:29+00:00","twitter_card":"summary_large_image","twitter_misc":{"Gesch\u00e4tzte Lesezeit":"3\u00a0Minuten"},"schema":{"@context":"https:\/\/schema.org","@graph":[{"@type":"WebPage","@id":"https:\/\/old.antineahotel.gr\/de\/recreation\/","url":"https:\/\/old.antineahotel.gr\/de\/recreation\/","name":"VERGN\u00dcGEN - Antinea Hotel","isPartOf":{"@id":"https:\/\/old.antineahotel.gr\/#website"},"datePublished":"2014-09-14T09:19:49+00:00","dateModified":"2019-01-21T15:09:29+00:00","breadcrumb":{"@id":"https:\/\/old.antineahotel.gr\/de\/recreation\/#breadcrumb"},"inLanguage":"de","potentialAction":[{"@type":"ReadAction","target":["https:\/\/old.antineahotel.gr\/de\/recreation\/"]}]},{"@type":"BreadcrumbList","@id":"https:\/\/old.antineahotel.gr\/de\/recreation\/#breadcrumb","itemListElement":[{"@type":"ListItem","position":1,"name":"Home","item":"https:\/\/old.antineahotel.gr\/de\/"},{"@type":"ListItem","position":2,"name":"VERGN\u00dcGEN"}]},{"@type":"WebSite","@id":"https:\/\/old.antineahotel.gr\/#website","url":"https:\/\/old.antineahotel.gr\/","name":"Antinea Hotel","description":"","potentialAction":[{"@type":"SearchAction","target":{"@type":"EntryPoint","urlTemplate":"https:\/\/old.antineahotel.gr\/?s={search_term_string}"},"query-input":{"@type":"PropertyValueSpecification","valueRequired":true,"valueName":"search_term_string"}}],"inLanguage":"de"}]}},"_links":{"self":[{"href":"https:\/\/old.antineahotel.gr\/de\/wp-json\/wp\/v2\/pages\/3599","targetHints":{"allow":["GET"]}}],"collection":[{"href":"https:\/\/old.antineahotel.gr\/de\/wp-json\/wp\/v2\/pages"}],"about":[{"href":"https:\/\/old.antineahotel.gr\/de\/wp-json\/wp\/v2\/types\/page"}],"author":[{"embeddable":true,"href":"https:\/\/old.antineahotel.gr\/de\/wp-json\/wp\/v2\/users\/10"}],"replies":[{"embeddable":true,"href":"https:\/\/old.antineahotel.gr\/de\/wp-json\/wp\/v2\/comments?post=3599"}],"version-history":[{"count":8,"href":"https:\/\/old.antineahotel.gr\/de\/wp-json\/wp\/v2\/pages\/3599\/revisions"}],"predecessor-version":[{"id":3943,"href":"https:\/\/old.antineahotel.gr\/de\/wp-json\/wp\/v2\/pages\/3599\/revisions\/3943"}],"wp:attachment":[{"href":"https:\/\/old.antineahotel.gr\/de\/wp-json\/wp\/v2\/media?parent=3599"}],"curies":[{"name":"wp","href":"https:\/\/api.w.org\/{rel}","templated":true}]}}