{"id":3600,"date":"2018-01-22T13:45:59","date_gmt":"2018-01-22T13:45:59","guid":{"rendered":"https:\/\/old.antineahotel.gr\/?page_id=3600"},"modified":"2019-01-21T11:42:54","modified_gmt":"2019-01-21T11:42:54","slug":"antinea-spa-wellness","status":"publish","type":"page","link":"https:\/\/old.antineahotel.gr\/de\/recreation\/antinea-spa-wellness\/","title":{"rendered":"Antinea Spa &#038; Wellness"},"content":{"rendered":"<div class=\"wpb-content-wrapper\">[vc_row][vc_column width=&#8220;1\/2&#8243;][vc_column_text]\n<h2>Antinea Spa &amp; Wellness<small>REGENERIERUNG &amp; WELLNESS<\/small><\/h2>\n<p>Genie\u00dfen Sie einen Whirlpool, haben Sie eine entspannende Massage von professionellen Therapeuten, gehen Sie in die Sauna oder ins Hamam und beleben Sie sich w\u00e4hrend Ihres Urlaubs. Eine gro\u00dfe Vielfalt an Heilbehandlungen und Massagen steht f\u00fcr die verj\u00fcngendste massgeschneiderste Reise zur Verf\u00fcgung.<\/p>\n<p>Viele von unseren Behandlungen vereinen die lokalen botanischen Ressourcen mit den traditionellen, spirituellen und k\u00f6rperlichen Heilk\u00fcnsten, die Ihrer Sch\u00f6nheit und Gesundheit gewidmet sind. Ganz gleich, ob Sie sich einen Moment der Entspannung w\u00fcnschen, Muskelverspannungen reduzieren oder chronische Schmerzen lindern m\u00f6chten &#8211; eine therapeutische Massage kann Ihr allgemeines Gef\u00fchl f\u00fcr Ihr emotionales und k\u00f6rperliches Wohlbefinden steigern.<br \/>\n[\/vc_column_text][\/vc_column][vc_column width=&#8220;1\/2&#8243;][vc_single_image image=&#8220;3514&#8243; img_size=&#8220;full&#8220; alignment=&#8220;center&#8220; style=&#8220;vc_box_rounded&#8220; onclick=&#8220;link_image&#8220;][\/vc_column][\/vc_row]\n<\/div>","protected":false},"excerpt":{"rendered":"<p>[vc_row][vc_column width=&#8220;1\/2&#8243;][vc_column_text] Antinea Spa &amp; WellnessREGENERIERUNG &amp; WELLNESS Genie\u00dfen Sie einen Whirlpool, haben Sie eine entspannende Massage von professionellen Therapeuten, gehen Sie in die Sauna oder ins Hamam und beleben Sie sich w\u00e4hrend Ihres Urlaubs. Eine gro\u00dfe Vielfalt an Heilbehandlungen und Massagen steht f\u00fcr die verj\u00fcngendste massgeschneiderste Reise zur Verf\u00fcgung. Viele von unseren Behandlungen vereinen die lokalen botanischen Ressourcen mit [&hellip;]<\/p>\n","protected":false},"author":10,"featured_media":0,"parent":3599,"menu_order":0,"comment_status":"closed","ping_status":"closed","template":"","meta":{"footnotes":""},"class_list":["post-3600","page","type-page","status-publish","hentry"],"yoast_head":"<!-- This site is optimized with the Yoast SEO plugin v26.5 - https:\/\/yoast.com\/wordpress\/plugins\/seo\/ -->\n<title>Antinea Spa &amp; Wellness - Antinea Hotel<\/title>\n<meta name=\"robots\" content=\"index, follow, max-snippet:-1, max-image-preview:large, max-video-preview:-1\" \/>\n<link rel=\"canonical\" href=\"https:\/\/old.antineahotel.gr\/de\/recreation\/antinea-spa-wellness\/\" \/>\n<meta property=\"og:locale\" content=\"de_DE\" \/>\n<meta property=\"og:type\" content=\"article\" \/>\n<meta property=\"og:title\" content=\"Antinea Spa &amp; Wellness - Antinea Hotel\" \/>\n<meta property=\"og:description\" content=\"[vc_row][vc_column width=&#8220;1\/2&#8243;][vc_column_text] Antinea Spa &amp; WellnessREGENERIERUNG &amp; WELLNESS Genie\u00dfen Sie einen Whirlpool, haben Sie eine entspannende Massage von professionellen Therapeuten, gehen Sie in die Sauna oder ins Hamam und beleben Sie sich w\u00e4hrend Ihres Urlaubs. Eine gro\u00dfe Vielfalt an Heilbehandlungen und Massagen steht f\u00fcr die verj\u00fcngendste massgeschneiderste Reise zur Verf\u00fcgung. Viele von unseren Behandlungen vereinen die lokalen botanischen Ressourcen mit [&hellip;]\" \/>\n<meta property=\"og:url\" content=\"https:\/\/old.antineahotel.gr\/de\/recreation\/antinea-spa-wellness\/\" \/>\n<meta property=\"og:site_name\" content=\"Antinea Hotel\" \/>\n<meta property=\"article:modified_time\" content=\"2019-01-21T11:42:54+00:00\" \/>\n<meta name=\"twitter:card\" content=\"summary_large_image\" \/>\n<meta name=\"twitter:label1\" content=\"Gesch\u00e4tzte Lesezeit\" \/>\n\t<meta name=\"twitter:data1\" content=\"1\u00a0Minute\" \/>\n<script type=\"application\/ld+json\" class=\"yoast-schema-graph\">{\"@context\":\"https:\/\/schema.org\",\"@graph\":[{\"@type\":\"WebPage\",\"@id\":\"https:\/\/old.antineahotel.gr\/de\/recreation\/antinea-spa-wellness\/\",\"url\":\"https:\/\/old.antineahotel.gr\/de\/recreation\/antinea-spa-wellness\/\",\"name\":\"Antinea Spa & Wellness - Antinea Hotel\",\"isPartOf\":{\"@id\":\"https:\/\/old.antineahotel.gr\/#website\"},\"datePublished\":\"2018-01-22T13:45:59+00:00\",\"dateModified\":\"2019-01-21T11:42:54+00:00\",\"breadcrumb\":{\"@id\":\"https:\/\/old.antineahotel.gr\/de\/recreation\/antinea-spa-wellness\/#breadcrumb\"},\"inLanguage\":\"de\",\"potentialAction\":[{\"@type\":\"ReadAction\",\"target\":[\"https:\/\/old.antineahotel.gr\/de\/recreation\/antinea-spa-wellness\/\"]}]},{\"@type\":\"BreadcrumbList\",\"@id\":\"https:\/\/old.antineahotel.gr\/de\/recreation\/antinea-spa-wellness\/#breadcrumb\",\"itemListElement\":[{\"@type\":\"ListItem\",\"position\":1,\"name\":\"Home\",\"item\":\"https:\/\/old.antineahotel.gr\/de\/\"},{\"@type\":\"ListItem\",\"position\":2,\"name\":\"VERGN\u00dcGEN\",\"item\":\"https:\/\/old.antineahotel.gr\/de\/recreation\/\"},{\"@type\":\"ListItem\",\"position\":3,\"name\":\"Antinea Spa &#038; Wellness\"}]},{\"@type\":\"WebSite\",\"@id\":\"https:\/\/old.antineahotel.gr\/#website\",\"url\":\"https:\/\/old.antineahotel.gr\/\",\"name\":\"Antinea Hotel\",\"description\":\"\",\"potentialAction\":[{\"@type\":\"SearchAction\",\"target\":{\"@type\":\"EntryPoint\",\"urlTemplate\":\"https:\/\/old.antineahotel.gr\/?s={search_term_string}\"},\"query-input\":{\"@type\":\"PropertyValueSpecification\",\"valueRequired\":true,\"valueName\":\"search_term_string\"}}],\"inLanguage\":\"de\"}]}<\/script>\n<!-- \/ Yoast SEO plugin. -->","yoast_head_json":{"title":"Antinea Spa & Wellness - Antinea Hotel","robots":{"index":"index","follow":"follow","max-snippet":"max-snippet:-1","max-image-preview":"max-image-preview:large","max-video-preview":"max-video-preview:-1"},"canonical":"https:\/\/old.antineahotel.gr\/de\/recreation\/antinea-spa-wellness\/","og_locale":"de_DE","og_type":"article","og_title":"Antinea Spa & Wellness - Antinea Hotel","og_description":"[vc_row][vc_column width=&#8220;1\/2&#8243;][vc_column_text] Antinea Spa &amp; WellnessREGENERIERUNG &amp; WELLNESS Genie\u00dfen Sie einen Whirlpool, haben Sie eine entspannende Massage von professionellen Therapeuten, gehen Sie in die Sauna oder ins Hamam und beleben Sie sich w\u00e4hrend Ihres Urlaubs. Eine gro\u00dfe Vielfalt an Heilbehandlungen und Massagen steht f\u00fcr die verj\u00fcngendste massgeschneiderste Reise zur Verf\u00fcgung. Viele von unseren Behandlungen vereinen die lokalen botanischen Ressourcen mit [&hellip;]","og_url":"https:\/\/old.antineahotel.gr\/de\/recreation\/antinea-spa-wellness\/","og_site_name":"Antinea Hotel","article_modified_time":"2019-01-21T11:42:54+00:00","twitter_card":"summary_large_image","twitter_misc":{"Gesch\u00e4tzte Lesezeit":"1\u00a0Minute"},"schema":{"@context":"https:\/\/schema.org","@graph":[{"@type":"WebPage","@id":"https:\/\/old.antineahotel.gr\/de\/recreation\/antinea-spa-wellness\/","url":"https:\/\/old.antineahotel.gr\/de\/recreation\/antinea-spa-wellness\/","name":"Antinea Spa & Wellness - Antinea Hotel","isPartOf":{"@id":"https:\/\/old.antineahotel.gr\/#website"},"datePublished":"2018-01-22T13:45:59+00:00","dateModified":"2019-01-21T11:42:54+00:00","breadcrumb":{"@id":"https:\/\/old.antineahotel.gr\/de\/recreation\/antinea-spa-wellness\/#breadcrumb"},"inLanguage":"de","potentialAction":[{"@type":"ReadAction","target":["https:\/\/old.antineahotel.gr\/de\/recreation\/antinea-spa-wellness\/"]}]},{"@type":"BreadcrumbList","@id":"https:\/\/old.antineahotel.gr\/de\/recreation\/antinea-spa-wellness\/#breadcrumb","itemListElement":[{"@type":"ListItem","position":1,"name":"Home","item":"https:\/\/old.antineahotel.gr\/de\/"},{"@type":"ListItem","position":2,"name":"VERGN\u00dcGEN","item":"https:\/\/old.antineahotel.gr\/de\/recreation\/"},{"@type":"ListItem","position":3,"name":"Antinea Spa &#038; Wellness"}]},{"@type":"WebSite","@id":"https:\/\/old.antineahotel.gr\/#website","url":"https:\/\/old.antineahotel.gr\/","name":"Antinea Hotel","description":"","potentialAction":[{"@type":"SearchAction","target":{"@type":"EntryPoint","urlTemplate":"https:\/\/old.antineahotel.gr\/?s={search_term_string}"},"query-input":{"@type":"PropertyValueSpecification","valueRequired":true,"valueName":"search_term_string"}}],"inLanguage":"de"}]}},"_links":{"self":[{"href":"https:\/\/old.antineahotel.gr\/de\/wp-json\/wp\/v2\/pages\/3600","targetHints":{"allow":["GET"]}}],"collection":[{"href":"https:\/\/old.antineahotel.gr\/de\/wp-json\/wp\/v2\/pages"}],"about":[{"href":"https:\/\/old.antineahotel.gr\/de\/wp-json\/wp\/v2\/types\/page"}],"author":[{"embeddable":true,"href":"https:\/\/old.antineahotel.gr\/de\/wp-json\/wp\/v2\/users\/10"}],"replies":[{"embeddable":true,"href":"https:\/\/old.antineahotel.gr\/de\/wp-json\/wp\/v2\/comments?post=3600"}],"version-history":[{"count":4,"href":"https:\/\/old.antineahotel.gr\/de\/wp-json\/wp\/v2\/pages\/3600\/revisions"}],"predecessor-version":[{"id":3722,"href":"https:\/\/old.antineahotel.gr\/de\/wp-json\/wp\/v2\/pages\/3600\/revisions\/3722"}],"up":[{"embeddable":true,"href":"https:\/\/old.antineahotel.gr\/de\/wp-json\/wp\/v2\/pages\/3599"}],"wp:attachment":[{"href":"https:\/\/old.antineahotel.gr\/de\/wp-json\/wp\/v2\/media?parent=3600"}],"curies":[{"name":"wp","href":"https:\/\/api.w.org\/{rel}","templated":true}]}}