{"id":3601,"date":"2014-09-14T09:21:57","date_gmt":"2014-09-14T09:21:57","guid":{"rendered":"https:\/\/old.antineahotel.gr\/?page_id=3601"},"modified":"2019-01-21T11:29:01","modified_gmt":"2019-01-21T11:29:01","slug":"excursions","status":"publish","type":"page","link":"https:\/\/old.antineahotel.gr\/de\/recreation\/excursions\/","title":{"rendered":"Ausfl\u00fcge"},"content":{"rendered":"<div class=\"wpb-content-wrapper\">[vc_row][vc_column width=&#8220;1\/2&#8243;][vc_column_text]\n<h2>Ausfl\u00fcge <small>UNVERGESSLICHE LEBENSERFAHRUNGEN<\/small><\/h2>\n<p>Unser Team gibt Ihnen Empfehlungen f\u00fcr organisierte Touren und Ausfl\u00fcge, die Sie ausw\u00e4hlen und Santorini an einem Tag entdecken k\u00f6nnen.<\/p>\n<p>Wir k\u00f6nnen Ihre Segelt\u00f6rns zu den interessantesten Orten auf Santorini organisieren, so dass Sie die Wahrzeichen der Insel, die n\u00e4chstgelegenen Inseln und definitiv das Dorf des ber\u00fchmten Sonnenuntergangs besuchen.<\/p>\n<p>Sie k\u00f6nnen viele Ausfl\u00fcge zu allen Zielen der Insel finden, wie zu den arch\u00e4ologischen St\u00e4tten, den traditionellen D\u00f6rfer und zum Vulkan. Profitieren Sie von den Planungsleistungen unseres Teams und genie\u00dfen Sie Ihren Urlaub auf Santorini wie nie zuvor.<br \/>\n[\/vc_column_text][\/vc_column][vc_column width=&#8220;1\/2&#8243;][vc_single_image image=&#8220;3172&#8243; img_size=&#8220;full&#8220; alignment=&#8220;center&#8220; style=&#8220;vc_box_rounded&#8220; onclick=&#8220;link_image&#8220;][\/vc_column][\/vc_row]\n<\/div>","protected":false},"excerpt":{"rendered":"<p>[vc_row][vc_column width=&#8220;1\/2&#8243;][vc_column_text] Ausfl\u00fcge UNVERGESSLICHE LEBENSERFAHRUNGEN Unser Team gibt Ihnen Empfehlungen f\u00fcr organisierte Touren und Ausfl\u00fcge, die Sie ausw\u00e4hlen und Santorini an einem Tag entdecken k\u00f6nnen. Wir k\u00f6nnen Ihre Segelt\u00f6rns zu den interessantesten Orten auf Santorini organisieren, so dass Sie die Wahrzeichen der Insel, die n\u00e4chstgelegenen Inseln und definitiv das Dorf des ber\u00fchmten Sonnenuntergangs besuchen. Sie k\u00f6nnen viele Ausfl\u00fcge zu allen [&hellip;]<\/p>\n","protected":false},"author":10,"featured_media":0,"parent":3599,"menu_order":0,"comment_status":"closed","ping_status":"open","template":"","meta":{"footnotes":""},"class_list":["post-3601","page","type-page","status-publish","hentry"],"yoast_head":"<!-- This site is optimized with the Yoast SEO plugin v26.5 - https:\/\/yoast.com\/wordpress\/plugins\/seo\/ -->\n<title>Ausfl\u00fcge - Antinea Hotel<\/title>\n<meta name=\"robots\" content=\"index, follow, max-snippet:-1, max-image-preview:large, max-video-preview:-1\" \/>\n<link rel=\"canonical\" href=\"https:\/\/old.antineahotel.gr\/de\/recreation\/excursions\/\" \/>\n<meta property=\"og:locale\" content=\"de_DE\" \/>\n<meta property=\"og:type\" content=\"article\" \/>\n<meta property=\"og:title\" content=\"Ausfl\u00fcge - Antinea Hotel\" \/>\n<meta property=\"og:description\" content=\"[vc_row][vc_column width=&#8220;1\/2&#8243;][vc_column_text] Ausfl\u00fcge UNVERGESSLICHE LEBENSERFAHRUNGEN Unser Team gibt Ihnen Empfehlungen f\u00fcr organisierte Touren und Ausfl\u00fcge, die Sie ausw\u00e4hlen und Santorini an einem Tag entdecken k\u00f6nnen. Wir k\u00f6nnen Ihre Segelt\u00f6rns zu den interessantesten Orten auf Santorini organisieren, so dass Sie die Wahrzeichen der Insel, die n\u00e4chstgelegenen Inseln und definitiv das Dorf des ber\u00fchmten Sonnenuntergangs besuchen. Sie k\u00f6nnen viele Ausfl\u00fcge zu allen [&hellip;]\" \/>\n<meta property=\"og:url\" content=\"https:\/\/old.antineahotel.gr\/de\/recreation\/excursions\/\" \/>\n<meta property=\"og:site_name\" content=\"Antinea Hotel\" \/>\n<meta property=\"article:modified_time\" content=\"2019-01-21T11:29:01+00:00\" \/>\n<meta name=\"twitter:card\" content=\"summary_large_image\" \/>\n<meta name=\"twitter:label1\" content=\"Gesch\u00e4tzte Lesezeit\" \/>\n\t<meta name=\"twitter:data1\" content=\"1\u00a0Minute\" \/>\n<script type=\"application\/ld+json\" class=\"yoast-schema-graph\">{\"@context\":\"https:\/\/schema.org\",\"@graph\":[{\"@type\":\"WebPage\",\"@id\":\"https:\/\/old.antineahotel.gr\/de\/recreation\/excursions\/\",\"url\":\"https:\/\/old.antineahotel.gr\/de\/recreation\/excursions\/\",\"name\":\"Ausfl\u00fcge - Antinea Hotel\",\"isPartOf\":{\"@id\":\"https:\/\/old.antineahotel.gr\/#website\"},\"datePublished\":\"2014-09-14T09:21:57+00:00\",\"dateModified\":\"2019-01-21T11:29:01+00:00\",\"breadcrumb\":{\"@id\":\"https:\/\/old.antineahotel.gr\/de\/recreation\/excursions\/#breadcrumb\"},\"inLanguage\":\"de\",\"potentialAction\":[{\"@type\":\"ReadAction\",\"target\":[\"https:\/\/old.antineahotel.gr\/de\/recreation\/excursions\/\"]}]},{\"@type\":\"BreadcrumbList\",\"@id\":\"https:\/\/old.antineahotel.gr\/de\/recreation\/excursions\/#breadcrumb\",\"itemListElement\":[{\"@type\":\"ListItem\",\"position\":1,\"name\":\"Home\",\"item\":\"https:\/\/old.antineahotel.gr\/de\/\"},{\"@type\":\"ListItem\",\"position\":2,\"name\":\"VERGN\u00dcGEN\",\"item\":\"https:\/\/old.antineahotel.gr\/de\/recreation\/\"},{\"@type\":\"ListItem\",\"position\":3,\"name\":\"Ausfl\u00fcge\"}]},{\"@type\":\"WebSite\",\"@id\":\"https:\/\/old.antineahotel.gr\/#website\",\"url\":\"https:\/\/old.antineahotel.gr\/\",\"name\":\"Antinea Hotel\",\"description\":\"\",\"potentialAction\":[{\"@type\":\"SearchAction\",\"target\":{\"@type\":\"EntryPoint\",\"urlTemplate\":\"https:\/\/old.antineahotel.gr\/?s={search_term_string}\"},\"query-input\":{\"@type\":\"PropertyValueSpecification\",\"valueRequired\":true,\"valueName\":\"search_term_string\"}}],\"inLanguage\":\"de\"}]}<\/script>\n<!-- \/ Yoast SEO plugin. -->","yoast_head_json":{"title":"Ausfl\u00fcge - Antinea Hotel","robots":{"index":"index","follow":"follow","max-snippet":"max-snippet:-1","max-image-preview":"max-image-preview:large","max-video-preview":"max-video-preview:-1"},"canonical":"https:\/\/old.antineahotel.gr\/de\/recreation\/excursions\/","og_locale":"de_DE","og_type":"article","og_title":"Ausfl\u00fcge - Antinea Hotel","og_description":"[vc_row][vc_column width=&#8220;1\/2&#8243;][vc_column_text] Ausfl\u00fcge UNVERGESSLICHE LEBENSERFAHRUNGEN Unser Team gibt Ihnen Empfehlungen f\u00fcr organisierte Touren und Ausfl\u00fcge, die Sie ausw\u00e4hlen und Santorini an einem Tag entdecken k\u00f6nnen. Wir k\u00f6nnen Ihre Segelt\u00f6rns zu den interessantesten Orten auf Santorini organisieren, so dass Sie die Wahrzeichen der Insel, die n\u00e4chstgelegenen Inseln und definitiv das Dorf des ber\u00fchmten Sonnenuntergangs besuchen. Sie k\u00f6nnen viele Ausfl\u00fcge zu allen [&hellip;]","og_url":"https:\/\/old.antineahotel.gr\/de\/recreation\/excursions\/","og_site_name":"Antinea Hotel","article_modified_time":"2019-01-21T11:29:01+00:00","twitter_card":"summary_large_image","twitter_misc":{"Gesch\u00e4tzte Lesezeit":"1\u00a0Minute"},"schema":{"@context":"https:\/\/schema.org","@graph":[{"@type":"WebPage","@id":"https:\/\/old.antineahotel.gr\/de\/recreation\/excursions\/","url":"https:\/\/old.antineahotel.gr\/de\/recreation\/excursions\/","name":"Ausfl\u00fcge - Antinea Hotel","isPartOf":{"@id":"https:\/\/old.antineahotel.gr\/#website"},"datePublished":"2014-09-14T09:21:57+00:00","dateModified":"2019-01-21T11:29:01+00:00","breadcrumb":{"@id":"https:\/\/old.antineahotel.gr\/de\/recreation\/excursions\/#breadcrumb"},"inLanguage":"de","potentialAction":[{"@type":"ReadAction","target":["https:\/\/old.antineahotel.gr\/de\/recreation\/excursions\/"]}]},{"@type":"BreadcrumbList","@id":"https:\/\/old.antineahotel.gr\/de\/recreation\/excursions\/#breadcrumb","itemListElement":[{"@type":"ListItem","position":1,"name":"Home","item":"https:\/\/old.antineahotel.gr\/de\/"},{"@type":"ListItem","position":2,"name":"VERGN\u00dcGEN","item":"https:\/\/old.antineahotel.gr\/de\/recreation\/"},{"@type":"ListItem","position":3,"name":"Ausfl\u00fcge"}]},{"@type":"WebSite","@id":"https:\/\/old.antineahotel.gr\/#website","url":"https:\/\/old.antineahotel.gr\/","name":"Antinea Hotel","description":"","potentialAction":[{"@type":"SearchAction","target":{"@type":"EntryPoint","urlTemplate":"https:\/\/old.antineahotel.gr\/?s={search_term_string}"},"query-input":{"@type":"PropertyValueSpecification","valueRequired":true,"valueName":"search_term_string"}}],"inLanguage":"de"}]}},"_links":{"self":[{"href":"https:\/\/old.antineahotel.gr\/de\/wp-json\/wp\/v2\/pages\/3601","targetHints":{"allow":["GET"]}}],"collection":[{"href":"https:\/\/old.antineahotel.gr\/de\/wp-json\/wp\/v2\/pages"}],"about":[{"href":"https:\/\/old.antineahotel.gr\/de\/wp-json\/wp\/v2\/types\/page"}],"author":[{"embeddable":true,"href":"https:\/\/old.antineahotel.gr\/de\/wp-json\/wp\/v2\/users\/10"}],"replies":[{"embeddable":true,"href":"https:\/\/old.antineahotel.gr\/de\/wp-json\/wp\/v2\/comments?post=3601"}],"version-history":[{"count":4,"href":"https:\/\/old.antineahotel.gr\/de\/wp-json\/wp\/v2\/pages\/3601\/revisions"}],"predecessor-version":[{"id":3716,"href":"https:\/\/old.antineahotel.gr\/de\/wp-json\/wp\/v2\/pages\/3601\/revisions\/3716"}],"up":[{"embeddable":true,"href":"https:\/\/old.antineahotel.gr\/de\/wp-json\/wp\/v2\/pages\/3599"}],"wp:attachment":[{"href":"https:\/\/old.antineahotel.gr\/de\/wp-json\/wp\/v2\/media?parent=3601"}],"curies":[{"name":"wp","href":"https:\/\/api.w.org\/{rel}","templated":true}]}}