{"id":3639,"date":"2014-09-14T09:21:09","date_gmt":"2014-09-14T09:21:09","guid":{"rendered":"https:\/\/old.antineahotel.gr\/?page_id=3639"},"modified":"2019-01-21T11:46:55","modified_gmt":"2019-01-21T11:46:55","slug":"restaurant","status":"publish","type":"page","link":"https:\/\/old.antineahotel.gr\/de\/restaurant\/","title":{"rendered":"Restaurant"},"content":{"rendered":"<div class=\"wpb-content-wrapper\">[vc_row][vc_column width=&#8220;1\/2&#8243;][vc_column_text]\n<h1 class=\"text-uppercase\"><small>DAS A LA CARTE<\/small>Restaurant<\/h1>\n<p class=\"lead\">Das A La Carte Restaurant Antinea freut sich, den G\u00e4sten den authentischen Geschmack der traditionellen griechischen K\u00fcche n\u00e4her zu bringen. Genie\u00dfen Sie alle K\u00f6stlichkeiten der kreativen mediterranen K\u00fcche in einer einzigartigen Atmosph\u00e4re und entdecken Sie die feinsten griechischen Aromen mit einem zeitgen\u00f6ssischen Dreh.<\/p>\n<p class=\"lead\">Geschmackvolle einheimische Gerichte und authentische mediterrane Spezialit\u00e4ten bilden eine reichhaltige Speisekarte mit vielen Optionen, die Sie bestimmt beeindrucken werden.<\/p>\n[\/vc_column_text][\/vc_column][vc_column width=&#8220;1\/2&#8243;][vc_images_carousel images=&#8220;3435&#8243; autoplay=&#8220;&#8220;][\/vc_column][\/vc_row][vc_row][vc_column width=&#8220;1\/2&#8243;][vc_images_carousel images=&#8220;3492&#8243; autoplay=&#8220;&#8220;][\/vc_column][vc_column width=&#8220;1\/2&#8243;][vc_column_text]\n<h1 class=\"text-uppercase\"><small>DER ANTINEA SWIMMINGPOOL<\/small> Lounge &amp; Bar<\/h1>\n<p class=\"lead\">Eine ultimative ruhige Umgebung zum Sonnenbaden mit komfortablen Einrichtungen und Grillm\u00f6glichkeiten.<\/p>\n<p class=\"lead\">Die Antinea pool lounge and Bar ist der perfekte Ort, um sich unter der Sonne zu entspannen, au\u00dfergew\u00f6hnliche Cocktails und Erfrischungen zu genie\u00dfen oder verschiedene leichte Snacks, die von unserem freundlichen und professionellen Personal serviert werden.<\/p>\n<p class=\"lead\">Wir sind sicher, dass Sie mit unvergesslichen Sommererinnerungen gef\u00fcllt sein werden&#8230;<\/p>\n[\/vc_column_text][\/vc_column][\/vc_row][vc_row full_width=&#8220;stretch_row&#8220; parallax=&#8220;content-moving&#8220; position=&#8220;right top&#8220; css=&#8220;.vc_custom_1518555673322{background-image: url(https:\/\/old.antineahotel.gr\/wp-content\/uploads\/2018\/02\/Restaurant.jpg?id=3499) !important;background-position: 0 0;background-repeat: no-repeat !important;}&#8220; el_class=&#8220;content-padding-xxl&#8220; min_height=&#8220;600px&#8220;][vc_column][\/vc_column][\/vc_row]\n<\/div>","protected":false},"excerpt":{"rendered":"<p>[vc_row][vc_column width=&#8220;1\/2&#8243;][vc_column_text] DAS A LA CARTERestaurant Das A La Carte Restaurant Antinea freut sich, den G\u00e4sten den authentischen Geschmack der traditionellen griechischen K\u00fcche n\u00e4her zu bringen. Genie\u00dfen Sie alle K\u00f6stlichkeiten der kreativen mediterranen K\u00fcche in einer einzigartigen Atmosph\u00e4re und entdecken Sie die feinsten griechischen Aromen mit einem zeitgen\u00f6ssischen Dreh. Geschmackvolle einheimische Gerichte und authentische mediterrane Spezialit\u00e4ten bilden eine reichhaltige Speisekarte [&hellip;]<\/p>\n","protected":false},"author":10,"featured_media":0,"parent":0,"menu_order":0,"comment_status":"closed","ping_status":"closed","template":"","meta":{"footnotes":""},"class_list":["post-3639","page","type-page","status-publish","hentry"],"yoast_head":"<!-- This site is optimized with the Yoast SEO plugin v26.5 - https:\/\/yoast.com\/wordpress\/plugins\/seo\/ -->\n<title>Restaurant - Antinea Hotel<\/title>\n<meta name=\"robots\" content=\"index, follow, max-snippet:-1, max-image-preview:large, max-video-preview:-1\" \/>\n<link rel=\"canonical\" href=\"https:\/\/old.antineahotel.gr\/de\/restaurant\/\" \/>\n<meta property=\"og:locale\" content=\"de_DE\" \/>\n<meta property=\"og:type\" content=\"article\" \/>\n<meta property=\"og:title\" content=\"Restaurant - Antinea Hotel\" \/>\n<meta property=\"og:description\" content=\"[vc_row][vc_column width=&#8220;1\/2&#8243;][vc_column_text] DAS A LA CARTERestaurant Das A La Carte Restaurant Antinea freut sich, den G\u00e4sten den authentischen Geschmack der traditionellen griechischen K\u00fcche n\u00e4her zu bringen. Genie\u00dfen Sie alle K\u00f6stlichkeiten der kreativen mediterranen K\u00fcche in einer einzigartigen Atmosph\u00e4re und entdecken Sie die feinsten griechischen Aromen mit einem zeitgen\u00f6ssischen Dreh. Geschmackvolle einheimische Gerichte und authentische mediterrane Spezialit\u00e4ten bilden eine reichhaltige Speisekarte [&hellip;]\" \/>\n<meta property=\"og:url\" content=\"https:\/\/old.antineahotel.gr\/de\/restaurant\/\" \/>\n<meta property=\"og:site_name\" content=\"Antinea Hotel\" \/>\n<meta property=\"article:modified_time\" content=\"2019-01-21T11:46:55+00:00\" \/>\n<meta name=\"twitter:card\" content=\"summary_large_image\" \/>\n<meta name=\"twitter:label1\" content=\"Gesch\u00e4tzte Lesezeit\" \/>\n\t<meta name=\"twitter:data1\" content=\"1\u00a0Minute\" \/>\n<script type=\"application\/ld+json\" class=\"yoast-schema-graph\">{\"@context\":\"https:\/\/schema.org\",\"@graph\":[{\"@type\":\"WebPage\",\"@id\":\"https:\/\/old.antineahotel.gr\/de\/restaurant\/\",\"url\":\"https:\/\/old.antineahotel.gr\/de\/restaurant\/\",\"name\":\"Restaurant - Antinea Hotel\",\"isPartOf\":{\"@id\":\"https:\/\/old.antineahotel.gr\/#website\"},\"datePublished\":\"2014-09-14T09:21:09+00:00\",\"dateModified\":\"2019-01-21T11:46:55+00:00\",\"breadcrumb\":{\"@id\":\"https:\/\/old.antineahotel.gr\/de\/restaurant\/#breadcrumb\"},\"inLanguage\":\"de\",\"potentialAction\":[{\"@type\":\"ReadAction\",\"target\":[\"https:\/\/old.antineahotel.gr\/de\/restaurant\/\"]}]},{\"@type\":\"BreadcrumbList\",\"@id\":\"https:\/\/old.antineahotel.gr\/de\/restaurant\/#breadcrumb\",\"itemListElement\":[{\"@type\":\"ListItem\",\"position\":1,\"name\":\"Home\",\"item\":\"https:\/\/old.antineahotel.gr\/de\/\"},{\"@type\":\"ListItem\",\"position\":2,\"name\":\"Restaurant\"}]},{\"@type\":\"WebSite\",\"@id\":\"https:\/\/old.antineahotel.gr\/#website\",\"url\":\"https:\/\/old.antineahotel.gr\/\",\"name\":\"Antinea Hotel\",\"description\":\"\",\"potentialAction\":[{\"@type\":\"SearchAction\",\"target\":{\"@type\":\"EntryPoint\",\"urlTemplate\":\"https:\/\/old.antineahotel.gr\/?s={search_term_string}\"},\"query-input\":{\"@type\":\"PropertyValueSpecification\",\"valueRequired\":true,\"valueName\":\"search_term_string\"}}],\"inLanguage\":\"de\"}]}<\/script>\n<!-- \/ Yoast SEO plugin. -->","yoast_head_json":{"title":"Restaurant - Antinea Hotel","robots":{"index":"index","follow":"follow","max-snippet":"max-snippet:-1","max-image-preview":"max-image-preview:large","max-video-preview":"max-video-preview:-1"},"canonical":"https:\/\/old.antineahotel.gr\/de\/restaurant\/","og_locale":"de_DE","og_type":"article","og_title":"Restaurant - Antinea Hotel","og_description":"[vc_row][vc_column width=&#8220;1\/2&#8243;][vc_column_text] DAS A LA CARTERestaurant Das A La Carte Restaurant Antinea freut sich, den G\u00e4sten den authentischen Geschmack der traditionellen griechischen K\u00fcche n\u00e4her zu bringen. Genie\u00dfen Sie alle K\u00f6stlichkeiten der kreativen mediterranen K\u00fcche in einer einzigartigen Atmosph\u00e4re und entdecken Sie die feinsten griechischen Aromen mit einem zeitgen\u00f6ssischen Dreh. Geschmackvolle einheimische Gerichte und authentische mediterrane Spezialit\u00e4ten bilden eine reichhaltige Speisekarte [&hellip;]","og_url":"https:\/\/old.antineahotel.gr\/de\/restaurant\/","og_site_name":"Antinea Hotel","article_modified_time":"2019-01-21T11:46:55+00:00","twitter_card":"summary_large_image","twitter_misc":{"Gesch\u00e4tzte Lesezeit":"1\u00a0Minute"},"schema":{"@context":"https:\/\/schema.org","@graph":[{"@type":"WebPage","@id":"https:\/\/old.antineahotel.gr\/de\/restaurant\/","url":"https:\/\/old.antineahotel.gr\/de\/restaurant\/","name":"Restaurant - Antinea Hotel","isPartOf":{"@id":"https:\/\/old.antineahotel.gr\/#website"},"datePublished":"2014-09-14T09:21:09+00:00","dateModified":"2019-01-21T11:46:55+00:00","breadcrumb":{"@id":"https:\/\/old.antineahotel.gr\/de\/restaurant\/#breadcrumb"},"inLanguage":"de","potentialAction":[{"@type":"ReadAction","target":["https:\/\/old.antineahotel.gr\/de\/restaurant\/"]}]},{"@type":"BreadcrumbList","@id":"https:\/\/old.antineahotel.gr\/de\/restaurant\/#breadcrumb","itemListElement":[{"@type":"ListItem","position":1,"name":"Home","item":"https:\/\/old.antineahotel.gr\/de\/"},{"@type":"ListItem","position":2,"name":"Restaurant"}]},{"@type":"WebSite","@id":"https:\/\/old.antineahotel.gr\/#website","url":"https:\/\/old.antineahotel.gr\/","name":"Antinea Hotel","description":"","potentialAction":[{"@type":"SearchAction","target":{"@type":"EntryPoint","urlTemplate":"https:\/\/old.antineahotel.gr\/?s={search_term_string}"},"query-input":{"@type":"PropertyValueSpecification","valueRequired":true,"valueName":"search_term_string"}}],"inLanguage":"de"}]}},"_links":{"self":[{"href":"https:\/\/old.antineahotel.gr\/de\/wp-json\/wp\/v2\/pages\/3639","targetHints":{"allow":["GET"]}}],"collection":[{"href":"https:\/\/old.antineahotel.gr\/de\/wp-json\/wp\/v2\/pages"}],"about":[{"href":"https:\/\/old.antineahotel.gr\/de\/wp-json\/wp\/v2\/types\/page"}],"author":[{"embeddable":true,"href":"https:\/\/old.antineahotel.gr\/de\/wp-json\/wp\/v2\/users\/10"}],"replies":[{"embeddable":true,"href":"https:\/\/old.antineahotel.gr\/de\/wp-json\/wp\/v2\/comments?post=3639"}],"version-history":[{"count":4,"href":"https:\/\/old.antineahotel.gr\/de\/wp-json\/wp\/v2\/pages\/3639\/revisions"}],"predecessor-version":[{"id":3736,"href":"https:\/\/old.antineahotel.gr\/de\/wp-json\/wp\/v2\/pages\/3639\/revisions\/3736"}],"wp:attachment":[{"href":"https:\/\/old.antineahotel.gr\/de\/wp-json\/wp\/v2\/media?parent=3639"}],"curies":[{"name":"wp","href":"https:\/\/api.w.org\/{rel}","templated":true}]}}