{"id":3640,"date":"2014-09-14T09:20:02","date_gmt":"2014-09-14T09:20:02","guid":{"rendered":"https:\/\/old.antineahotel.gr\/?page_id=3640"},"modified":"2019-01-21T11:37:33","modified_gmt":"2019-01-21T11:37:33","slug":"weddings","status":"publish","type":"page","link":"https:\/\/old.antineahotel.gr\/de\/weddings\/","title":{"rendered":"Hochzeiten"},"content":{"rendered":"<div class=\"wpb-content-wrapper\">[vc_row css=&#8220;.vc_custom_1436473941594{background-position: center !important;background-repeat: no-repeat !important;background-size: cover !important;}&#8220;][vc_column width=&#8220;1\/3&#8243;][vc_column_text el_class=&#8220;text-center&#8220;]\n<h2 style=\"text-align: center;\"><small>CALDERA<\/small>HOCHZEITSORT<\/h2>\n<p>Einer der sch\u00f6nsten Orte der Insel mit einzigartigem Blick auf Caldera und den ber\u00fchmten Vulkan, der von tiefblauer \u00c4g\u00e4is umgeben ist. Das Meer ruht unter tausend Schattierungen der goldenen Sonne des Mittelmeers. Ein magischer Ort f\u00fcr eine gro\u00dfartige Hochzeit, so wie Sie es sich gew\u00fcnscht haben\u2026<br \/>\nEinrichtungen der Hochzeitsszene: Privater Hochzeitsvorbereitungsraum mit eigenem Bad, Zeremonie auf dem h\u00f6chsten Punkt des Anwesens, Rezeption &amp; Cocktail, 1 Bar im Freien, 200 m\u00b2 Schwimmbad, unendlicher Whirlpool mit Blick auf die Caldera, Parkplatz, G\u00e4ste-WC. Sie k\u00f6nnen aus einer Vielzahl von empfohlenen Men\u00fcs ausw\u00e4hlen.<\/p>\n<p><a class=\"btn btn-inline\" href=\"http:\/\/santorinigem.com\/wedding-venue-2\/\" target=\"_blank\" rel=\"noopener\">Weitere Informationen<\/a>[\/vc_column_text][\/vc_column][vc_column width=&#8220;1\/3&#8243;][vc_column_text el_class=&#8220;text-center&#8220;]\n<h2 style=\"text-align: center;\"><small>HOCHZEIT<\/small>vILLA<\/h2>\n<p style=\"text-align: center;\">Ein 5000 m\u00b2 gro\u00dfes Anwesen mit einer einzigartigen privilegierten Lage, einer der h\u00f6chsten Punkte auf Santorini, mit herrlichem Blick auf die Caldera und den ber\u00fchmten Vulkan.<br \/>\nEine 400 qm gro\u00dfe Villa, die von wundersch\u00f6nen gepflegten G\u00e4rten, elegante Pergolen, die sich von den Seiten der Villa aus erstrecken und mit dem Hauptbereich der Unterkunft verbunden sind, umgeben ist, , wo verschiedene Ebenen den Mittelpunkt im Freien bilden, mit Ess- und Entspannungsbereichen, Au\u00dfenbar, Grill, einem 25-Meter-Pool und einem beheizten, endlosen Whirlpool, die alle die Caldera und den Vulkan \u00fcberschauen.<\/p>\n<p><a class=\"btn btn-inline\" href=\"http:\/\/santorinigem.com\/wedding-villa-santorini\/\" target=\"_blank\" rel=\"noopener\">Weitere Informationen<\/a>[\/vc_column_text][\/vc_column][vc_column width=&#8220;1\/3&#8243;][vc_column_text el_class=&#8220;text-center&#8220;]\n<h2 style=\"text-align: center;\"><small>PLANUNGS<\/small>LEISTUNGEN<\/h2>\n<p style=\"text-align: center;\">Erleben Sie unvergessliche Momente an Ihrem besonderen Tag. Atemberaubende Landschaften, der atemberaubendste Sonnenuntergang der Welt, glitzernde schwarze Sandstr\u00e4nde oder traditionelle Weing\u00fcter aus Santorini. Alles zu Ihrer Verf\u00fcgung, mit unserem kompletten Hochzeitsplanungsservice. W\u00e4hlen Sie aus einer Vielzahl von Paketen, die von Hochzeitsvorschl\u00e4gen bis zur Koordination aller Arten von Hochzeiten reichen, von kleinen und intimen Veranstaltungen bis hin zu gro\u00dfen Veranstaltungen.<\/p>\n<p><a class=\"btn btn-inline\" href=\"http:\/\/idosantorini.com\/\" target=\"_blank\" rel=\"noopener\">Weitere Informationen<\/a>[\/vc_column_text][\/vc_column][\/vc_row][vc_row full_width=&#8220;stretch_row&#8220; parallax=&#8220;content-moving&#8220; css=&#8220;.vc_custom_1516800083264{background-image: url(https:\/\/old.antineahotel.gr\/wp-content\/uploads\/2018\/01\/9.jpg?id=3079) !important;background-position: center;background-repeat: no-repeat !important;background-size: cover !important;}&#8220; min_height=&#8220;600px&#8220;][vc_column width=&#8220;2\/3&#8243; offset=&#8220;vc_col-sm-offset-2&#8243;][\/vc_column][\/vc_row][vc_row full_width=&#8220;stretch_row&#8220; parallax=&#8220;content-moving&#8220; css=&#8220;.vc_custom_1516800138888{background-color: #ad854d !important;background-position: center;background-repeat: no-repeat !important;background-size: cover !important;}&#8220;][vc_column width=&#8220;2\/3&#8243; offset=&#8220;vc_col-sm-offset-2&#8243;][vc_column_text]\n<blockquote><p><span style=\"color: #000000;\">\u201cICH ERLEBTE DIE M\u00c4RCHENHAFTE HOCHZEIT, VON DER ICH IMMER GETR\u00c4UMT HABE, DANK DES PERSONALS UND IHRER F\u00dcNF-STERNE-GASTFREUNDSCHAFT\u201d<\/span><span style=\"color: #1b1919;\"><cite>Jessica Howard AUF TripAdvisor<\/cite><\/span><\/p><\/blockquote>\n[\/vc_column_text][\/vc_column][\/vc_row]\n<\/div>","protected":false},"excerpt":{"rendered":"<p>[vc_row css=&#8220;.vc_custom_1436473941594{background-position: center !important;background-repeat: no-repeat !important;background-size: cover !important;}&#8220;][vc_column width=&#8220;1\/3&#8243;][vc_column_text el_class=&#8220;text-center&#8220;] CALDERAHOCHZEITSORT Einer der sch\u00f6nsten Orte der Insel mit einzigartigem Blick auf Caldera und den ber\u00fchmten Vulkan, der von tiefblauer \u00c4g\u00e4is umgeben ist. Das Meer ruht unter tausend Schattierungen der goldenen Sonne des Mittelmeers. Ein magischer Ort f\u00fcr eine gro\u00dfartige Hochzeit, so wie Sie es sich gew\u00fcnscht haben\u2026 Einrichtungen der Hochzeitsszene: [&hellip;]<\/p>\n","protected":false},"author":10,"featured_media":0,"parent":0,"menu_order":0,"comment_status":"closed","ping_status":"closed","template":"","meta":{"footnotes":""},"class_list":["post-3640","page","type-page","status-publish","hentry"],"yoast_head":"<!-- This site is optimized with the Yoast SEO plugin v26.5 - https:\/\/yoast.com\/wordpress\/plugins\/seo\/ -->\n<title>Hochzeiten - Antinea Hotel<\/title>\n<meta name=\"robots\" content=\"index, follow, max-snippet:-1, max-image-preview:large, max-video-preview:-1\" \/>\n<link rel=\"canonical\" href=\"https:\/\/old.antineahotel.gr\/de\/weddings\/\" \/>\n<meta property=\"og:locale\" content=\"de_DE\" \/>\n<meta property=\"og:type\" content=\"article\" \/>\n<meta property=\"og:title\" content=\"Hochzeiten - Antinea Hotel\" \/>\n<meta property=\"og:description\" content=\"[vc_row css=&#8220;.vc_custom_1436473941594{background-position: center !important;background-repeat: no-repeat !important;background-size: cover !important;}&#8220;][vc_column width=&#8220;1\/3&#8243;][vc_column_text el_class=&#8220;text-center&#8220;] CALDERAHOCHZEITSORT Einer der sch\u00f6nsten Orte der Insel mit einzigartigem Blick auf Caldera und den ber\u00fchmten Vulkan, der von tiefblauer \u00c4g\u00e4is umgeben ist. Das Meer ruht unter tausend Schattierungen der goldenen Sonne des Mittelmeers. Ein magischer Ort f\u00fcr eine gro\u00dfartige Hochzeit, so wie Sie es sich gew\u00fcnscht haben\u2026 Einrichtungen der Hochzeitsszene: [&hellip;]\" \/>\n<meta property=\"og:url\" content=\"https:\/\/old.antineahotel.gr\/de\/weddings\/\" \/>\n<meta property=\"og:site_name\" content=\"Antinea Hotel\" \/>\n<meta property=\"article:modified_time\" content=\"2019-01-21T11:37:33+00:00\" \/>\n<meta name=\"twitter:card\" content=\"summary_large_image\" \/>\n<meta name=\"twitter:label1\" content=\"Gesch\u00e4tzte Lesezeit\" \/>\n\t<meta name=\"twitter:data1\" content=\"2\u00a0Minuten\" \/>\n<script type=\"application\/ld+json\" class=\"yoast-schema-graph\">{\"@context\":\"https:\/\/schema.org\",\"@graph\":[{\"@type\":\"WebPage\",\"@id\":\"https:\/\/old.antineahotel.gr\/de\/weddings\/\",\"url\":\"https:\/\/old.antineahotel.gr\/de\/weddings\/\",\"name\":\"Hochzeiten - Antinea Hotel\",\"isPartOf\":{\"@id\":\"https:\/\/old.antineahotel.gr\/#website\"},\"datePublished\":\"2014-09-14T09:20:02+00:00\",\"dateModified\":\"2019-01-21T11:37:33+00:00\",\"breadcrumb\":{\"@id\":\"https:\/\/old.antineahotel.gr\/de\/weddings\/#breadcrumb\"},\"inLanguage\":\"de\",\"potentialAction\":[{\"@type\":\"ReadAction\",\"target\":[\"https:\/\/old.antineahotel.gr\/de\/weddings\/\"]}]},{\"@type\":\"BreadcrumbList\",\"@id\":\"https:\/\/old.antineahotel.gr\/de\/weddings\/#breadcrumb\",\"itemListElement\":[{\"@type\":\"ListItem\",\"position\":1,\"name\":\"Home\",\"item\":\"https:\/\/old.antineahotel.gr\/de\/\"},{\"@type\":\"ListItem\",\"position\":2,\"name\":\"Hochzeiten\"}]},{\"@type\":\"WebSite\",\"@id\":\"https:\/\/old.antineahotel.gr\/#website\",\"url\":\"https:\/\/old.antineahotel.gr\/\",\"name\":\"Antinea Hotel\",\"description\":\"\",\"potentialAction\":[{\"@type\":\"SearchAction\",\"target\":{\"@type\":\"EntryPoint\",\"urlTemplate\":\"https:\/\/old.antineahotel.gr\/?s={search_term_string}\"},\"query-input\":{\"@type\":\"PropertyValueSpecification\",\"valueRequired\":true,\"valueName\":\"search_term_string\"}}],\"inLanguage\":\"de\"}]}<\/script>\n<!-- \/ Yoast SEO plugin. -->","yoast_head_json":{"title":"Hochzeiten - Antinea Hotel","robots":{"index":"index","follow":"follow","max-snippet":"max-snippet:-1","max-image-preview":"max-image-preview:large","max-video-preview":"max-video-preview:-1"},"canonical":"https:\/\/old.antineahotel.gr\/de\/weddings\/","og_locale":"de_DE","og_type":"article","og_title":"Hochzeiten - Antinea Hotel","og_description":"[vc_row css=&#8220;.vc_custom_1436473941594{background-position: center !important;background-repeat: no-repeat !important;background-size: cover !important;}&#8220;][vc_column width=&#8220;1\/3&#8243;][vc_column_text el_class=&#8220;text-center&#8220;] CALDERAHOCHZEITSORT Einer der sch\u00f6nsten Orte der Insel mit einzigartigem Blick auf Caldera und den ber\u00fchmten Vulkan, der von tiefblauer \u00c4g\u00e4is umgeben ist. Das Meer ruht unter tausend Schattierungen der goldenen Sonne des Mittelmeers. Ein magischer Ort f\u00fcr eine gro\u00dfartige Hochzeit, so wie Sie es sich gew\u00fcnscht haben\u2026 Einrichtungen der Hochzeitsszene: [&hellip;]","og_url":"https:\/\/old.antineahotel.gr\/de\/weddings\/","og_site_name":"Antinea Hotel","article_modified_time":"2019-01-21T11:37:33+00:00","twitter_card":"summary_large_image","twitter_misc":{"Gesch\u00e4tzte Lesezeit":"2\u00a0Minuten"},"schema":{"@context":"https:\/\/schema.org","@graph":[{"@type":"WebPage","@id":"https:\/\/old.antineahotel.gr\/de\/weddings\/","url":"https:\/\/old.antineahotel.gr\/de\/weddings\/","name":"Hochzeiten - Antinea Hotel","isPartOf":{"@id":"https:\/\/old.antineahotel.gr\/#website"},"datePublished":"2014-09-14T09:20:02+00:00","dateModified":"2019-01-21T11:37:33+00:00","breadcrumb":{"@id":"https:\/\/old.antineahotel.gr\/de\/weddings\/#breadcrumb"},"inLanguage":"de","potentialAction":[{"@type":"ReadAction","target":["https:\/\/old.antineahotel.gr\/de\/weddings\/"]}]},{"@type":"BreadcrumbList","@id":"https:\/\/old.antineahotel.gr\/de\/weddings\/#breadcrumb","itemListElement":[{"@type":"ListItem","position":1,"name":"Home","item":"https:\/\/old.antineahotel.gr\/de\/"},{"@type":"ListItem","position":2,"name":"Hochzeiten"}]},{"@type":"WebSite","@id":"https:\/\/old.antineahotel.gr\/#website","url":"https:\/\/old.antineahotel.gr\/","name":"Antinea Hotel","description":"","potentialAction":[{"@type":"SearchAction","target":{"@type":"EntryPoint","urlTemplate":"https:\/\/old.antineahotel.gr\/?s={search_term_string}"},"query-input":{"@type":"PropertyValueSpecification","valueRequired":true,"valueName":"search_term_string"}}],"inLanguage":"de"}]}},"_links":{"self":[{"href":"https:\/\/old.antineahotel.gr\/de\/wp-json\/wp\/v2\/pages\/3640","targetHints":{"allow":["GET"]}}],"collection":[{"href":"https:\/\/old.antineahotel.gr\/de\/wp-json\/wp\/v2\/pages"}],"about":[{"href":"https:\/\/old.antineahotel.gr\/de\/wp-json\/wp\/v2\/types\/page"}],"author":[{"embeddable":true,"href":"https:\/\/old.antineahotel.gr\/de\/wp-json\/wp\/v2\/users\/10"}],"replies":[{"embeddable":true,"href":"https:\/\/old.antineahotel.gr\/de\/wp-json\/wp\/v2\/comments?post=3640"}],"version-history":[{"count":4,"href":"https:\/\/old.antineahotel.gr\/de\/wp-json\/wp\/v2\/pages\/3640\/revisions"}],"predecessor-version":[{"id":3720,"href":"https:\/\/old.antineahotel.gr\/de\/wp-json\/wp\/v2\/pages\/3640\/revisions\/3720"}],"wp:attachment":[{"href":"https:\/\/old.antineahotel.gr\/de\/wp-json\/wp\/v2\/media?parent=3640"}],"curies":[{"name":"wp","href":"https:\/\/api.w.org\/{rel}","templated":true}]}}